{"id":488221,"date":"2025-10-28T15:25:59","date_gmt":"2025-10-28T14:25:59","guid":{"rendered":"https:\/\/www.tui.ch\/de\/blog\/?page_id=488221"},"modified":"2025-10-28T15:53:30","modified_gmt":"2025-10-28T14:53:30","slug":"andere-reisearten","status":"publish","type":"page","link":"https:\/\/www.tui.ch\/de\/blog\/andere-reisearten\/","title":{"rendered":"Andere Reisearten"},"content":{"rendered":"<div class=\"gb-container gb-container-af47a24d\"><div class=\"gb-inside-container\">\n<div class=\"gb-container gb-container-5c7c3cd9\"><div class=\"gb-inside-container\">\n<div class=\"gb-grid-wrapper gb-grid-wrapper-4674d008\">\n<div class=\"gb-grid-column gb-grid-column-e5cdbe06\"><div class=\"gb-container gb-container-e5cdbe06\">\n\n<p class=\"gb-headline gb-headline-3528e644 gb-headline-text\"><strong>Neue Wege, Ferien zu erleben<\/strong><\/p>\n\n\n\n<p class=\"has-text-align-center\">Du bist auf der Suche nach neuen Ideen f\u00fcr deine Ferien und weisst noch nicht genau, wohin die Reise gehen soll? Ob du die Welt auf einem Roadtrip entdecken, entspannt an Bord einer Kreuzfahrt die Meere geniessen oder gem\u00fctliche Tage in einem Ferienhaus verbringen willst \u2013 hier findest du Inspiration f\u00fcr die verschiedensten Arten, Ferien zu gestalten. Auf dem TUI Blog geben wir dir Tipps, Empfehlungen und Anregungen, damit deine n\u00e4chste Auszeit abwechslungsreich und unvergesslich wird.&nbsp;<\/p>\n\n<\/div><\/div>\n\n<div class=\"gb-grid-column gb-grid-column-d380042d\"><div class=\"gb-container gb-container-d380042d\"><\/div><\/div>\n<\/div>\n<\/div><\/div>\n<\/div><\/div>\n\n<div class=\"gb-container gb-container-0471e53d\"><div class=\"gb-inside-container\">\n<section class=\"article-block container\">\r\n\r\n    <h2>Unsere neusten Artikel zu anderen Reisearten<\/h2>\r\n            <div class=\"highlighted-article\" id=\"\">\r\n            \r\n                                            \r\n\r\n                    <article class=\"highlighted-article--container\">\r\n                        <div class=\"highlighted-article__grid\">\r\n                            <a href=\"https:\/\/www.tui.ch\/de\/blog\/welche-kreuzfahrt-passt-zu-dir\/\" class=\"teaser\" style=\"background-image:url('https:\/\/www.tui.ch\/de\/blog\/wp-content\/uploads\/2026\/02\/AdobeStock_224283078-1-scaled.jpeg');\" aria-label=\"Welche Kreuzfahrt passt zu dir?\u00a0\"><\/a>\r\n                            <div class=\"highlighted-article__content\">\r\n                                                                                                    <span class=\"highlighted-article__category\">Andere Reisearten<\/span>\r\n                                                                <h3 class=\"title\"><a href=\"https:\/\/www.tui.ch\/de\/blog\/welche-kreuzfahrt-passt-zu-dir\/\">Welche Kreuzfahrt passt zu dir?\u00a0<\/a><\/h3>\r\n                                <time datetime=\"Di..Feb..2026\" itemprop=\"datePublished\">24.02.2026<\/time>\r\n                                <p class=\"excerpt\">Eine Kreuzfahrt ist mehr als eine Route \u2013 sie ist ein Gef\u00fchl. Sie ist die Frage danach, was dein Herz h\u00f6herschlagen l\u00e4sst: der Blick auf schneebedeckte Fjorde, der Duft von Fernost, das Licht Afrikas oder das warme Strahlen der Mittelmeersonne.\u00a0 Damit du leichter herausfindest, welche davon zu dir passt, haben <span class=\"read-more\"><a href=\"https:\/\/www.tui.ch\/de\/blog\/welche-kreuzfahrt-passt-zu-dir\/\">Weiterlesen<\/a><\/span><\/p>\r\n                            <\/div>\r\n                        <\/div>\r\n\r\n                    <\/article>\r\n\r\n                \r\n                                                                <div class=\"articles\">\r\n                                                <a href=\"https:\/\/www.tui.ch\/de\/blog\/berlin-mit-loris-zimmerli-von-klassiker-bis-kiezkultur\/\" aria-label=\"Berlin mit Loris Zimmerli: Von Klassiker bis Kiezkultur\">\r\n                            <img decoding=\"async\" src=\"https:\/\/www.tui.ch\/de\/blog\/wp-content\/uploads\/2025\/07\/Beitragbild_Berlinblog-scaled-e1753181579371-390x211.jpeg\" loading=\"lazy\" width=\"100%\" height=\"auto\" alt=\"\">\r\n                        <\/a>\r\n                        <div class=\"\">\r\n                                                        <div class=\"info-grid\">\r\n                                <div><span class=\"highlighted-article__category\">Andere Reisearten<\/span><\/div>\r\n                                <div class=\"time\"><time datetime=\"So..Aug..2025\" itemprop=\"datePublished\">03.08.2025<\/time><\/div>\r\n                            <\/div>\r\n                            <h3 class=\"title\"><a href=\"https:\/\/www.tui.ch\/de\/blog\/berlin-mit-loris-zimmerli-von-klassiker-bis-kiezkultur\/\">Berlin mit Loris Zimmerli: Von Klassiker bis Kiezkultur<\/a><\/h3>\r\n                        <\/div>\r\n                    <\/div>\r\n\r\n                \r\n                                                                <div class=\"articles\">\r\n                                                <a href=\"https:\/\/www.tui.ch\/de\/blog\/mit-emma-nach-fuerteventura\/\" aria-label=\"Mit Emma nach Fuerteventura: D\u00fcnen, t\u00fcrkisblaues Meer und Entspannung\">\r\n                            <img decoding=\"async\" src=\"https:\/\/www.tui.ch\/de\/blog\/wp-content\/uploads\/2025\/04\/Playa_marrobe-scaled-e1745590387546-390x211.jpeg\" loading=\"lazy\" width=\"100%\" height=\"auto\" alt=\"\">\r\n                        <\/a>\r\n                        <div class=\"\">\r\n                                                        <div class=\"info-grid\">\r\n                                <div><span class=\"highlighted-article__category\">Andere Reisearten<\/span><\/div>\r\n                                <div class=\"time\"><time datetime=\"Fr..Apr..2025\" itemprop=\"datePublished\">25.04.2025<\/time><\/div>\r\n                            <\/div>\r\n                            <h3 class=\"title\"><a href=\"https:\/\/www.tui.ch\/de\/blog\/mit-emma-nach-fuerteventura\/\">Mit Emma nach Fuerteventura: D\u00fcnen, t\u00fcrkisblaues Meer und Entspannung<\/a><\/h3>\r\n                        <\/div>\r\n                    <\/div>\r\n\r\n                \r\n                                                                <div class=\"articles\">\r\n                                                <a href=\"https:\/\/www.tui.ch\/de\/blog\/nadia-goedhart-und-lappland-magische-landschaften-und-abenteuer\/\" aria-label=\"Nadia Goedhart und Lappland: Magische Landschaften und Abenteuer\">\r\n                            <img decoding=\"async\" src=\"https:\/\/www.tui.ch\/de\/blog\/wp-content\/uploads\/2025\/03\/Schlittenhunde-scaled-e1742823481344-390x210.jpg\" loading=\"lazy\" width=\"100%\" height=\"auto\" alt=\"\">\r\n                        <\/a>\r\n                        <div class=\"\">\r\n                                                        <div class=\"info-grid\">\r\n                                <div><span class=\"highlighted-article__category\">Andere Reisearten<\/span><\/div>\r\n                                <div class=\"time\"><time datetime=\"Do..M\u00e4rz.2025\" itemprop=\"datePublished\">27.03.2025<\/time><\/div>\r\n                            <\/div>\r\n                            <h3 class=\"title\"><a href=\"https:\/\/www.tui.ch\/de\/blog\/nadia-goedhart-und-lappland-magische-landschaften-und-abenteuer\/\">Nadia Goedhart und Lappland: Magische Landschaften und Abenteuer<\/a><\/h3>\r\n                        <\/div>\r\n                    <\/div>\r\n\r\n                \r\n                                                                <div class=\"articles\">\r\n                                                <a href=\"https:\/\/www.tui.ch\/de\/blog\/beni-huggel-und-portugal-vom-em-abenteuer-zu-den-verborgenen-schaetzen-des-landes\/\" aria-label=\"Beni Huggel und Portugal: Vom EM-Abenteuer zu den verborgenen Sch\u00e4tzen des Landes\">\r\n                            <img decoding=\"async\" src=\"https:\/\/www.tui.ch\/de\/blog\/wp-content\/uploads\/2025\/02\/Porto_Stadt-scaled-e1741351263376-390x209.jpg\" loading=\"lazy\" width=\"100%\" height=\"auto\" alt=\"\">\r\n                        <\/a>\r\n                        <div class=\"\">\r\n                                                        <div class=\"info-grid\">\r\n                                <div><span class=\"highlighted-article__category\">Andere Reisearten<\/span><\/div>\r\n                                <div class=\"time\"><time datetime=\"Fr..M\u00e4rz.2025\" itemprop=\"datePublished\">07.03.2025<\/time><\/div>\r\n                            <\/div>\r\n                            <h3 class=\"title\"><a href=\"https:\/\/www.tui.ch\/de\/blog\/beni-huggel-und-portugal-vom-em-abenteuer-zu-den-verborgenen-schaetzen-des-landes\/\">Beni Huggel und Portugal: Vom EM-Abenteuer zu den verborgenen Sch\u00e4tzen des Landes<\/a><\/h3>\r\n                        <\/div>\r\n                    <\/div>\r\n\r\n                \r\n                                                                <div class=\"articles\">\r\n                                                <a href=\"https:\/\/www.tui.ch\/de\/blog\/entdecke-bodrum-mit-sandro-galfetti-geschichte-genuss-und-tuerkischer-charme\/\" aria-label=\"Entdecke Bodrum mit Sandro Galfetti: Geschichte, Genuss und t\u00fcrkischer Charme\">\r\n                            <img decoding=\"async\" src=\"https:\/\/www.tui.ch\/de\/blog\/wp-content\/uploads\/2025\/02\/shutterstock_557890066-1-scaled-e1740654434205-390x211.jpg\" loading=\"lazy\" width=\"100%\" height=\"auto\" alt=\"\">\r\n                        <\/a>\r\n                        <div class=\"\">\r\n                                                        <div class=\"info-grid\">\r\n                                <div><span class=\"highlighted-article__category\">Andere Reisearten<\/span><\/div>\r\n                                <div class=\"time\"><time datetime=\"Di..Feb..2025\" itemprop=\"datePublished\">25.02.2025<\/time><\/div>\r\n                            <\/div>\r\n                            <h3 class=\"title\"><a href=\"https:\/\/www.tui.ch\/de\/blog\/entdecke-bodrum-mit-sandro-galfetti-geschichte-genuss-und-tuerkischer-charme\/\">Entdecke Bodrum mit Sandro Galfetti: Geschichte, Genuss und t\u00fcrkischer Charme<\/a><\/h3>\r\n                        <\/div>\r\n                    <\/div>\r\n\r\n                \r\n                                                                <div class=\"articles\">\r\n                                                <a href=\"https:\/\/www.tui.ch\/de\/blog\/von-barbecue-bis-tex-mex-die-vielfaeltige-kueche-von-texas\/\" aria-label=\"Von Barbecue bis Tex-Mex: Die vielf\u00e4ltige K\u00fcche von Texas\">\r\n                            <img decoding=\"async\" src=\"https:\/\/www.tui.ch\/de\/blog\/wp-content\/uploads\/2025\/01\/Einleitung-2-scaled-e1737040335171-390x211.jpg\" loading=\"lazy\" width=\"100%\" height=\"auto\" alt=\"\">\r\n                        <\/a>\r\n                        <div class=\"\">\r\n                                                        <div class=\"info-grid\">\r\n                                <div><span class=\"highlighted-article__category\">Andere Reisearten<\/span><\/div>\r\n                                <div class=\"time\"><time datetime=\"Fr..Jan..2025\" itemprop=\"datePublished\">31.01.2025<\/time><\/div>\r\n                            <\/div>\r\n                            <h3 class=\"title\"><a href=\"https:\/\/www.tui.ch\/de\/blog\/von-barbecue-bis-tex-mex-die-vielfaeltige-kueche-von-texas\/\">Von Barbecue bis Tex-Mex: Die vielf\u00e4ltige K\u00fcche von Texas<\/a><\/h3>\r\n                        <\/div>\r\n                    <\/div>\r\n\r\n                \r\n                                    \r\n        <\/div>\r\n    \r\n<\/section>\n<\/div><\/div>\n\n<div class=\"gb-container gb-container-e990a9b7\">\n<div class=\"gb-button-wrapper gb-button-wrapper-667eabda\">\n\n<a class=\"gb-button gb-button-47db0ba3 gb-button-text tui-btn\" href=\"\/blog\/archiv-andere-reisearten\/page\/2\/\">Alle ansehen<\/a>\n\n<\/div>\n<\/div>\n\n<div class=\"gb-container gb-container-7756686b\"><div class=\"gb-inside-container\">\n<div class=\"gb-container gb-container-929eed9e\"><div class=\"gb-inside-container\"><\/div><\/div>\n<\/div><\/div>\n\n<div class=\"gb-container gb-container-f1b4b9c6\"><div class=\"gb-inside-container\">\n\n<h2 class=\"gb-headline gb-headline-db235040 gb-headline-text\">Unsere beliebtesten Reiseziele am Meer<\/h2>\n\n\n    <div class=\"teaser-item teaser-block\">\r\n        <div class=\"row\">\r\n                            <article class=\"teaserbox\" style=\"background-image: url('')\">\r\n                    <a href=\"https:\/\/www.tui.ch\/de\/blog\/tag\/mallorca\/\" target=\"_self\"\r\n                       class=\"teaserbox-gradient\"\r\n                       aria-label=\"Mallorca\"><\/a>\r\n                                            <div class=\"teaser-panel\">\r\n                            <p class=\"teaserbox-title\">Mallorca<\/p>\r\n                        <\/div>\r\n                                    <\/article>\r\n                            <article class=\"teaserbox\" style=\"background-image: url('')\">\r\n                    <a href=\"https:\/\/www.tui.ch\/de\/blog\/tag\/aegypten\/\" target=\"_blank\"\r\n                       class=\"teaserbox-gradient\"\r\n                       aria-label=\"\u00c4gypten\"><\/a>\r\n                                            <div class=\"teaser-panel\">\r\n                            <p class=\"teaserbox-title\">\u00c4gypten<\/p>\r\n                        <\/div>\r\n                                    <\/article>\r\n                            <article class=\"teaserbox\" style=\"background-image: url('')\">\r\n                    <a href=\"https:\/\/www.tui.ch\/de\/blog\/tag\/griechenland\/\" target=\"_blank\"\r\n                       class=\"teaserbox-gradient\"\r\n                       aria-label=\"Griechenland\"><\/a>\r\n                                            <div class=\"teaser-panel\">\r\n                            <p class=\"teaserbox-title\">Griechenland<\/p>\r\n                        <\/div>\r\n                                    <\/article>\r\n                            <article class=\"teaserbox\" style=\"background-image: url('')\">\r\n                    <a href=\"https:\/\/www.tui.ch\/de\/blog\/tag\/italien\/\" target=\"_blank\"\r\n                       class=\"teaserbox-gradient\"\r\n                       aria-label=\"Italien\"><\/a>\r\n                                            <div class=\"teaser-panel\">\r\n                            <p class=\"teaserbox-title\">Italien<\/p>\r\n                        <\/div>\r\n                                    <\/article>\r\n                    <\/div>\r\n    <\/div>\r\n\n<\/div><\/div>\n\n<div class=\"gb-container gb-container-ce7e561e\"><div class=\"gb-inside-container\">\n\n<h2 class=\"gb-headline gb-headline-735fafd4 gb-headline-text\">Mallorca auf dem TUI Reiseblog<\/h2>\n\n\n<section class=\"article-block container\">\r\n\r\n    \r\n                        \r\n<\/section>\n<\/div><\/div>\n\n<div class=\"gb-container gb-container-5074aecd\"><div class=\"gb-inside-container\">\n<div class=\"gb-button-wrapper gb-button-wrapper-02fdb816\">\n\n<a class=\"gb-button gb-button-bcac2229 gb-button-text tui-btn\" href=\"https:\/\/www.tui.ch\/de\/blog\/tag\/mallorca\/\">Alle ansehen<\/a>\n\n<\/div>\n<\/div><\/div>\n\n\n<p><\/p>\n","protected":false},"excerpt":{"rendered":"<p>Unsere beliebtesten Reiseziele am Meer Mallorca auf dem TUI Reiseblog<\/p>\n","protected":false},"author":160,"featured_media":488203,"parent":0,"menu_order":0,"comment_status":"closed","ping_status":"closed","template":"","meta":{"_acf_changed":false,"footnotes":""},"class_list":["post-488221","page","type-page","status-publish","has-post-thumbnail"],"acf":[],"yoast_head":"<!-- This site is optimized with the Yoast SEO plugin v27.4 - https:\/\/yoast.com\/product\/yoast-seo-wordpress\/ -->\n<title>Ferienideen &amp; Inspiration f\u00fcr deine Reise - TUI.ch Reiseblog<\/title>\n<meta name=\"description\" content=\"Entdecke auf dem TUI Blog vielf\u00e4ltige Ferienideen: Roadtrips, Kreuzfahrten, Ferienh\u00e4user &amp; mehr \u2013 Tipps &amp; Inspiration f\u00fcr deine n\u00e4chste Traumreise!\" \/>\n<meta name=\"robots\" content=\"index, follow, max-snippet:-1, max-image-preview:large, max-video-preview:-1\" \/>\n<link rel=\"canonical\" href=\"https:\/\/www.tui.ch\/de\/blog\/andere-reisearten\/\" \/>\n<meta property=\"og:locale\" content=\"de_DE\" \/>\n<meta property=\"og:type\" content=\"article\" \/>\n<meta property=\"og:title\" content=\"Ferienideen &amp; Inspiration f\u00fcr deine Reise - TUI.ch Reiseblog\" \/>\n<meta property=\"og:description\" content=\"Entdecke auf dem TUI Blog vielf\u00e4ltige Ferienideen: Roadtrips, Kreuzfahrten, Ferienh\u00e4user &amp; mehr \u2013 Tipps &amp; Inspiration f\u00fcr deine n\u00e4chste Traumreise!\" \/>\n<meta property=\"og:url\" content=\"https:\/\/www.tui.ch\/de\/blog\/andere-reisearten\/\" \/>\n<meta property=\"og:site_name\" content=\"TUI.ch Reiseblog\" \/>\n<meta property=\"article:modified_time\" content=\"2025-10-28T14:53:30+00:00\" \/>\n<meta property=\"og:image\" content=\"https:\/\/www.tui.ch\/de\/blog\/wp-content\/uploads\/2025\/10\/kategorie-andere-reisearten-AdobeStock_299105798-Tryfonov.webp\" \/>\n\t<meta property=\"og:image:width\" content=\"1920\" \/>\n\t<meta property=\"og:image:height\" content=\"651\" \/>\n\t<meta property=\"og:image:type\" content=\"image\/webp\" \/>\n<meta name=\"twitter:card\" content=\"summary_large_image\" \/>\n<script type=\"application\/ld+json\" class=\"yoast-schema-graph\">{\"@context\":\"https:\\\/\\\/schema.org\",\"@graph\":[{\"@type\":\"WebPage\",\"@id\":\"https:\\\/\\\/www.tui.ch\\\/de\\\/blog\\\/andere-reisearten\\\/\",\"url\":\"https:\\\/\\\/www.tui.ch\\\/de\\\/blog\\\/andere-reisearten\\\/\",\"name\":\"Ferienideen & Inspiration f\u00fcr deine Reise - TUI.ch Reiseblog\",\"isPartOf\":{\"@id\":\"https:\\\/\\\/www.tui.ch\\\/de\\\/blog\\\/#website\"},\"primaryImageOfPage\":{\"@id\":\"https:\\\/\\\/www.tui.ch\\\/de\\\/blog\\\/andere-reisearten\\\/#primaryimage\"},\"image\":{\"@id\":\"https:\\\/\\\/www.tui.ch\\\/de\\\/blog\\\/andere-reisearten\\\/#primaryimage\"},\"thumbnailUrl\":\"https:\\\/\\\/www.tui.ch\\\/de\\\/blog\\\/wp-content\\\/uploads\\\/2025\\\/10\\\/kategorie-andere-reisearten-AdobeStock_299105798-Tryfonov.webp\",\"datePublished\":\"2025-10-28T14:25:59+00:00\",\"dateModified\":\"2025-10-28T14:53:30+00:00\",\"description\":\"Entdecke auf dem TUI Blog vielf\u00e4ltige Ferienideen: Roadtrips, Kreuzfahrten, Ferienh\u00e4user & mehr \u2013 Tipps & Inspiration f\u00fcr deine n\u00e4chste Traumreise!\",\"breadcrumb\":{\"@id\":\"https:\\\/\\\/www.tui.ch\\\/de\\\/blog\\\/andere-reisearten\\\/#breadcrumb\"},\"inLanguage\":\"de\",\"potentialAction\":[{\"@type\":\"ReadAction\",\"target\":[\"https:\\\/\\\/www.tui.ch\\\/de\\\/blog\\\/andere-reisearten\\\/\"]}]},{\"@type\":\"ImageObject\",\"inLanguage\":\"de\",\"@id\":\"https:\\\/\\\/www.tui.ch\\\/de\\\/blog\\\/andere-reisearten\\\/#primaryimage\",\"url\":\"https:\\\/\\\/www.tui.ch\\\/de\\\/blog\\\/wp-content\\\/uploads\\\/2025\\\/10\\\/kategorie-andere-reisearten-AdobeStock_299105798-Tryfonov.webp\",\"contentUrl\":\"https:\\\/\\\/www.tui.ch\\\/de\\\/blog\\\/wp-content\\\/uploads\\\/2025\\\/10\\\/kategorie-andere-reisearten-AdobeStock_299105798-Tryfonov.webp\",\"width\":1920,\"height\":651},{\"@type\":\"BreadcrumbList\",\"@id\":\"https:\\\/\\\/www.tui.ch\\\/de\\\/blog\\\/andere-reisearten\\\/#breadcrumb\",\"itemListElement\":[{\"@type\":\"ListItem\",\"position\":1,\"name\":\"Startseite\",\"item\":\"https:\\\/\\\/www.tui.ch\\\/de\\\/blog\\\/\"},{\"@type\":\"ListItem\",\"position\":2,\"name\":\"Andere Reisearten\"}]},{\"@type\":\"WebSite\",\"@id\":\"https:\\\/\\\/www.tui.ch\\\/de\\\/blog\\\/#website\",\"url\":\"https:\\\/\\\/www.tui.ch\\\/de\\\/blog\\\/\",\"name\":\"TUI.ch Reiseblog\",\"description\":\"Inspirationen, Tipps und Anregungen f\u00fcr deine Ferien\",\"publisher\":{\"@id\":\"https:\\\/\\\/www.tui.ch\\\/de\\\/blog\\\/#organization\"},\"potentialAction\":[{\"@type\":\"SearchAction\",\"target\":{\"@type\":\"EntryPoint\",\"urlTemplate\":\"https:\\\/\\\/www.tui.ch\\\/de\\\/blog\\\/?s={search_term_string}\"},\"query-input\":{\"@type\":\"PropertyValueSpecification\",\"valueRequired\":true,\"valueName\":\"search_term_string\"}}],\"inLanguage\":\"de\"},{\"@type\":\"Organization\",\"@id\":\"https:\\\/\\\/www.tui.ch\\\/de\\\/blog\\\/#organization\",\"name\":\"TUI.ch Reiseblog\",\"url\":\"https:\\\/\\\/www.tui.ch\\\/de\\\/blog\\\/\",\"logo\":{\"@type\":\"ImageObject\",\"inLanguage\":\"de\",\"@id\":\"https:\\\/\\\/www.tui.ch\\\/de\\\/blog\\\/#\\\/schema\\\/logo\\\/image\\\/\",\"url\":\"https:\\\/\\\/www.tui.ch\\\/de\\\/blog\\\/wp-content\\\/uploads\\\/2025\\\/09\\\/cropped-tui-logo-3.webp\",\"contentUrl\":\"https:\\\/\\\/www.tui.ch\\\/de\\\/blog\\\/wp-content\\\/uploads\\\/2025\\\/09\\\/cropped-tui-logo-3.webp\",\"width\":164,\"height\":72,\"caption\":\"TUI.ch Reiseblog\"},\"image\":{\"@id\":\"https:\\\/\\\/www.tui.ch\\\/de\\\/blog\\\/#\\\/schema\\\/logo\\\/image\\\/\"}}]}<\/script>\n<!-- \/ Yoast SEO plugin. -->","yoast_head_json":{"title":"Ferienideen & Inspiration f\u00fcr deine Reise - TUI.ch Reiseblog","description":"Entdecke auf dem TUI Blog vielf\u00e4ltige Ferienideen: Roadtrips, Kreuzfahrten, Ferienh\u00e4user & mehr \u2013 Tipps & Inspiration f\u00fcr deine n\u00e4chste Traumreise!","robots":{"index":"index","follow":"follow","max-snippet":"max-snippet:-1","max-image-preview":"max-image-preview:large","max-video-preview":"max-video-preview:-1"},"canonical":"https:\/\/www.tui.ch\/de\/blog\/andere-reisearten\/","og_locale":"de_DE","og_type":"article","og_title":"Ferienideen & Inspiration f\u00fcr deine Reise - TUI.ch Reiseblog","og_description":"Entdecke auf dem TUI Blog vielf\u00e4ltige Ferienideen: Roadtrips, Kreuzfahrten, Ferienh\u00e4user & mehr \u2013 Tipps & Inspiration f\u00fcr deine n\u00e4chste Traumreise!","og_url":"https:\/\/www.tui.ch\/de\/blog\/andere-reisearten\/","og_site_name":"TUI.ch Reiseblog","article_modified_time":"2025-10-28T14:53:30+00:00","og_image":[{"width":1920,"height":651,"url":"https:\/\/www.tui.ch\/de\/blog\/wp-content\/uploads\/2025\/10\/kategorie-andere-reisearten-AdobeStock_299105798-Tryfonov.webp","type":"image\/webp"}],"twitter_card":"summary_large_image","schema":{"@context":"https:\/\/schema.org","@graph":[{"@type":"WebPage","@id":"https:\/\/www.tui.ch\/de\/blog\/andere-reisearten\/","url":"https:\/\/www.tui.ch\/de\/blog\/andere-reisearten\/","name":"Ferienideen & Inspiration f\u00fcr deine Reise - TUI.ch Reiseblog","isPartOf":{"@id":"https:\/\/www.tui.ch\/de\/blog\/#website"},"primaryImageOfPage":{"@id":"https:\/\/www.tui.ch\/de\/blog\/andere-reisearten\/#primaryimage"},"image":{"@id":"https:\/\/www.tui.ch\/de\/blog\/andere-reisearten\/#primaryimage"},"thumbnailUrl":"https:\/\/www.tui.ch\/de\/blog\/wp-content\/uploads\/2025\/10\/kategorie-andere-reisearten-AdobeStock_299105798-Tryfonov.webp","datePublished":"2025-10-28T14:25:59+00:00","dateModified":"2025-10-28T14:53:30+00:00","description":"Entdecke auf dem TUI Blog vielf\u00e4ltige Ferienideen: Roadtrips, Kreuzfahrten, Ferienh\u00e4user & mehr \u2013 Tipps & Inspiration f\u00fcr deine n\u00e4chste Traumreise!","breadcrumb":{"@id":"https:\/\/www.tui.ch\/de\/blog\/andere-reisearten\/#breadcrumb"},"inLanguage":"de","potentialAction":[{"@type":"ReadAction","target":["https:\/\/www.tui.ch\/de\/blog\/andere-reisearten\/"]}]},{"@type":"ImageObject","inLanguage":"de","@id":"https:\/\/www.tui.ch\/de\/blog\/andere-reisearten\/#primaryimage","url":"https:\/\/www.tui.ch\/de\/blog\/wp-content\/uploads\/2025\/10\/kategorie-andere-reisearten-AdobeStock_299105798-Tryfonov.webp","contentUrl":"https:\/\/www.tui.ch\/de\/blog\/wp-content\/uploads\/2025\/10\/kategorie-andere-reisearten-AdobeStock_299105798-Tryfonov.webp","width":1920,"height":651},{"@type":"BreadcrumbList","@id":"https:\/\/www.tui.ch\/de\/blog\/andere-reisearten\/#breadcrumb","itemListElement":[{"@type":"ListItem","position":1,"name":"Startseite","item":"https:\/\/www.tui.ch\/de\/blog\/"},{"@type":"ListItem","position":2,"name":"Andere Reisearten"}]},{"@type":"WebSite","@id":"https:\/\/www.tui.ch\/de\/blog\/#website","url":"https:\/\/www.tui.ch\/de\/blog\/","name":"TUI.ch Reiseblog","description":"Inspirationen, Tipps und Anregungen f\u00fcr deine Ferien","publisher":{"@id":"https:\/\/www.tui.ch\/de\/blog\/#organization"},"potentialAction":[{"@type":"SearchAction","target":{"@type":"EntryPoint","urlTemplate":"https:\/\/www.tui.ch\/de\/blog\/?s={search_term_string}"},"query-input":{"@type":"PropertyValueSpecification","valueRequired":true,"valueName":"search_term_string"}}],"inLanguage":"de"},{"@type":"Organization","@id":"https:\/\/www.tui.ch\/de\/blog\/#organization","name":"TUI.ch Reiseblog","url":"https:\/\/www.tui.ch\/de\/blog\/","logo":{"@type":"ImageObject","inLanguage":"de","@id":"https:\/\/www.tui.ch\/de\/blog\/#\/schema\/logo\/image\/","url":"https:\/\/www.tui.ch\/de\/blog\/wp-content\/uploads\/2025\/09\/cropped-tui-logo-3.webp","contentUrl":"https:\/\/www.tui.ch\/de\/blog\/wp-content\/uploads\/2025\/09\/cropped-tui-logo-3.webp","width":164,"height":72,"caption":"TUI.ch Reiseblog"},"image":{"@id":"https:\/\/www.tui.ch\/de\/blog\/#\/schema\/logo\/image\/"}}]}},"_links":{"self":[{"href":"https:\/\/www.tui.ch\/de\/blog\/wp-json\/wp\/v2\/pages\/488221","targetHints":{"allow":["GET"]}}],"collection":[{"href":"https:\/\/www.tui.ch\/de\/blog\/wp-json\/wp\/v2\/pages"}],"about":[{"href":"https:\/\/www.tui.ch\/de\/blog\/wp-json\/wp\/v2\/types\/page"}],"author":[{"embeddable":true,"href":"https:\/\/www.tui.ch\/de\/blog\/wp-json\/wp\/v2\/users\/160"}],"replies":[{"embeddable":true,"href":"https:\/\/www.tui.ch\/de\/blog\/wp-json\/wp\/v2\/comments?post=488221"}],"version-history":[{"count":4,"href":"https:\/\/www.tui.ch\/de\/blog\/wp-json\/wp\/v2\/pages\/488221\/revisions"}],"predecessor-version":[{"id":488271,"href":"https:\/\/www.tui.ch\/de\/blog\/wp-json\/wp\/v2\/pages\/488221\/revisions\/488271"}],"wp:featuredmedia":[{"embeddable":true,"href":"https:\/\/www.tui.ch\/de\/blog\/wp-json\/wp\/v2\/media\/488203"}],"wp:attachment":[{"href":"https:\/\/www.tui.ch\/de\/blog\/wp-json\/wp\/v2\/media?parent=488221"}],"curies":[{"name":"wp","href":"https:\/\/api.w.org\/{rel}","templated":true}]}}