{"id":488217,"date":"2025-10-28T15:19:29","date_gmt":"2025-10-28T14:19:29","guid":{"rendered":"https:\/\/www.tui.ch\/de\/blog\/?page_id=488217"},"modified":"2025-10-28T16:01:46","modified_gmt":"2025-10-28T15:01:46","slug":"roadtrips","status":"publish","type":"page","link":"https:\/\/www.tui.ch\/de\/blog\/roadtrips\/","title":{"rendered":"Roadtrips"},"content":{"rendered":"<div class=\"gb-container gb-container-af47a24d\"><div class=\"gb-inside-container\">\n<div class=\"gb-container gb-container-5c7c3cd9\"><div class=\"gb-inside-container\">\n<div class=\"gb-grid-wrapper gb-grid-wrapper-4674d008\">\n<div class=\"gb-grid-column gb-grid-column-e5cdbe06\"><div class=\"gb-container gb-container-e5cdbe06\">\n\n<p class=\"gb-headline gb-headline-3528e644 gb-headline-text\"><strong>Unterwegs auf vier R\u00e4dern \u2013 Freiheit sp\u00fcren&nbsp;<\/strong><\/p>\n\n\n\n<p class=\"has-text-align-center\">Ein Roadtrip bedeutet, das Tempo selbst zu bestimmen, spontan anzuhalten und neue Orte zu entdecken \u2013 ob entlang sonniger K\u00fcsten, durch ruhige Bergt\u00e4ler oder \u00fcber endlose Landstrassen. Auf dem TUI Blog teilen wir inspirierende Routen, pers\u00f6nliche Geschichten und Tipps, die dein Abenteuer auf R\u00e4dern unvergesslich machen. Vom Mietwagen \u00fcber den Camper bis zum kleinen Familienauto: Hier findest du alles, was du f\u00fcr deinen n\u00e4chsten Trip brauchst, um unterwegs echte Freiheit zu sp\u00fcren.&nbsp;<\/p>\n\n<\/div><\/div>\n\n<div class=\"gb-grid-column gb-grid-column-d380042d\"><div class=\"gb-container gb-container-d380042d\">\n<div class=\"wp-block-image\">\n<figure class=\"aligncenter size-full is-resized\"><img loading=\"lazy\" decoding=\"async\" width=\"1779\" height=\"1780\" src=\"https:\/\/www.tui.ch\/de\/blog\/wp-content\/uploads\/2025\/10\/icon-location-round.webp\" alt=\"\" class=\"wp-image-488209\" style=\"width:115px\" srcset=\"https:\/\/www.tui.ch\/de\/blog\/wp-content\/uploads\/2025\/10\/icon-location-round.webp 1779w, https:\/\/www.tui.ch\/de\/blog\/wp-content\/uploads\/2025\/10\/icon-location-round-444x444.webp 444w, https:\/\/www.tui.ch\/de\/blog\/wp-content\/uploads\/2025\/10\/icon-location-round-563x563.webp 563w, https:\/\/www.tui.ch\/de\/blog\/wp-content\/uploads\/2025\/10\/icon-location-round-768x768.webp 768w, https:\/\/www.tui.ch\/de\/blog\/wp-content\/uploads\/2025\/10\/icon-location-round-1536x1536.webp 1536w, https:\/\/www.tui.ch\/de\/blog\/wp-content\/uploads\/2025\/10\/icon-location-round-220x220.webp 220w, https:\/\/www.tui.ch\/de\/blog\/wp-content\/uploads\/2025\/10\/icon-location-round-24x24.webp 24w, https:\/\/www.tui.ch\/de\/blog\/wp-content\/uploads\/2025\/10\/icon-location-round-48x48.webp 48w, https:\/\/www.tui.ch\/de\/blog\/wp-content\/uploads\/2025\/10\/icon-location-round-96x96.webp 96w, https:\/\/www.tui.ch\/de\/blog\/wp-content\/uploads\/2025\/10\/icon-location-round-150x150.webp 150w, https:\/\/www.tui.ch\/de\/blog\/wp-content\/uploads\/2025\/10\/icon-location-round-300x300.webp 300w\" sizes=\"auto, (max-width: 1779px) 100vw, 1779px\" \/><\/figure><\/div>\n<\/div><\/div>\n<\/div>\n<\/div><\/div>\n<\/div><\/div>\n\n<div class=\"gb-container gb-container-86c519b2\">\n\n<h2 class=\"gb-headline gb-headline-dc039d34 gb-headline-text\">Unsere Top Artikel<\/h2>\n\n\n    <div class=\"toparticle-item toparticle-block\">\r\n        <div class=\"row\">\r\n                            <article class=\"toparticle\" style=\"background-image: url('https:\/\/www.tui.ch\/de\/blog\/wp-content\/uploads\/2025\/06\/Queenston_South_Island_Neuseelandblog-e1751024302122-scaled.jpeg')\" role=\"img\" aria-label=\"Mit dem Camper durch Neuseeland \u2013 Natur hautnah\">\r\n                    <a href=\"https:\/\/www.tui.ch\/de\/blog\/naturwunder-neuseeland-mit-michele-kruesi\/\" target=\"https:\/\/www.tui.ch\/de\/blog\/naturwunder-neuseeland-mit-michele-kruesi\/\" class=\"toparticle-gradient\" aria-label=\"Top Article Link\"><\/a>\r\n                                            <div class=\"toparticle-panel \">\r\n                            <p class=\"toparticle-title\">Mit dem Camper durch Neuseeland \u2013 Natur hautnah<\/p>\r\n                                                    <\/div>\r\n                                    <\/article>\r\n                            <article class=\"toparticle\" style=\"background-image: url('https:\/\/www.tui.ch\/de\/blog\/wp-content\/uploads\/2021\/12\/Beitragsbild-Schweiz.jpg')\" role=\"img\" aria-label=\"Winterzauber in der Schweiz\">\r\n                    <a href=\"https:\/\/www.tui.ch\/de\/blog\/winterferien-in-der-schweiz\/\" target=\"https:\/\/www.tui.ch\/de\/blog\/winterferien-in-der-schweiz\/\" class=\"toparticle-gradient\" aria-label=\"Top Article Link\"><\/a>\r\n                                            <div class=\"toparticle-panel \">\r\n                            <p class=\"toparticle-title\">Winterzauber in der Schweiz<\/p>\r\n                                                    <\/div>\r\n                                    <\/article>\r\n                    <\/div>\r\n    <\/div>\r\n\n<\/div>\n\n<div class=\"gb-container gb-container-0471e53d\"><div class=\"gb-inside-container\">\n<section class=\"article-block container\">\r\n\r\n    <h2>Unsere neusten Rodtrip-Artikel<\/h2>\r\n            <div class=\"highlighted-article\" id=\"\">\r\n            \r\n                                            \r\n\r\n                    <article class=\"highlighted-article--container\">\r\n                        <div class=\"highlighted-article__grid\">\r\n                            <a href=\"https:\/\/www.tui.ch\/de\/blog\/naturwunder-neuseeland-mit-michele-kruesi\/\" class=\"teaser\" style=\"background-image:url('https:\/\/www.tui.ch\/de\/blog\/wp-content\/uploads\/2025\/06\/Queenston_South_Island_Neuseelandblog-e1751024302122-scaled.jpeg');\" aria-label=\"Naturwunder Neuseeland mit Mich\u00e8le Kr\u00fcsi\"><\/a>\r\n                            <div class=\"highlighted-article__content\">\r\n                                                                                                    <span class=\"highlighted-article__category\">Roadtrips<\/span>\r\n                                                                <h3 class=\"title\"><a href=\"https:\/\/www.tui.ch\/de\/blog\/naturwunder-neuseeland-mit-michele-kruesi\/\">Naturwunder Neuseeland mit Mich\u00e8le Kr\u00fcsi<\/a><\/h3>\r\n                                <time datetime=\"Fr..Juni.2025\" itemprop=\"datePublished\">27.06.2025<\/time>\r\n                                <p class=\"excerpt\">T\u00fcrkisblaues Wasser glitzert im Sonnenlicht, morgendlicher Nebel zieht \u00fcber sattgr\u00fcne H\u00fcgel, und irgendwo auf einer kurvigen K\u00fcstenstrasse rollt ein Campervan dem n\u00e4chsten Abenteuer entgegen. Genau hier ist Mich\u00e8le unterwegs \u2013 gemeinsam mit ihrer jungen Familie erkundet sie Neuseeland, eines der faszinierendsten L\u00e4nder der Welt. In der aktuellen Folge nimmt sie <span class=\"read-more\"><a href=\"https:\/\/www.tui.ch\/de\/blog\/naturwunder-neuseeland-mit-michele-kruesi\/\">Weiterlesen<\/a><\/span><\/p>\r\n                            <\/div>\r\n                        <\/div>\r\n\r\n                    <\/article>\r\n\r\n                \r\n                                                                <div class=\"articles\">\r\n                                                <a href=\"https:\/\/www.tui.ch\/de\/blog\/winterferien-in-der-schweiz\/\" aria-label=\"Winterferien in der Schweiz\">\r\n                            <img decoding=\"async\" src=\"https:\/\/www.tui.ch\/de\/blog\/wp-content\/uploads\/2021\/12\/Beitragsbild-Schweiz-390x210.jpg\" loading=\"lazy\" width=\"100%\" height=\"auto\" alt=\"\">\r\n                        <\/a>\r\n                        <div class=\"\">\r\n                                                        <div class=\"info-grid\">\r\n                                <div><span class=\"highlighted-article__category\">Roadtrips<\/span><\/div>\r\n                                <div class=\"time\"><time datetime=\"Do..Dez..2021\" itemprop=\"datePublished\">16.12.2021<\/time><\/div>\r\n                            <\/div>\r\n                            <h3 class=\"title\"><a href=\"https:\/\/www.tui.ch\/de\/blog\/winterferien-in-der-schweiz\/\">Winterferien in der Schweiz<\/a><\/h3>\r\n                        <\/div>\r\n                    <\/div>\r\n\r\n                \r\n                                    \r\n        <\/div>\r\n    \r\n<\/section>\n<\/div><\/div>\n\n<div class=\"gb-container gb-container-e990a9b7\">\n<div class=\"gb-button-wrapper gb-button-wrapper-667eabda\">\n\n<a class=\"gb-button gb-button-47db0ba3 gb-button-text tui-btn\" href=\"\/blog\/archiv-roadtrips\/\">Alle ansehen<\/a>\n\n<\/div>\n<\/div>\n\n<div class=\"gb-container gb-container-7756686b\"><div class=\"gb-inside-container\">\n<div class=\"gb-container gb-container-929eed9e\"><div class=\"gb-inside-container\"><\/div><\/div>\n<\/div><\/div>\n\n<div class=\"gb-container gb-container-f1b4b9c6\"><div class=\"gb-inside-container\">\n\n<h2 class=\"gb-headline gb-headline-db235040 gb-headline-text\">Unsere beliebtesten Reiseziele am Meer<\/h2>\n\n\n    <div class=\"teaser-item teaser-block\">\r\n        <div class=\"row\">\r\n                            <article class=\"teaserbox\" style=\"background-image: url('')\">\r\n                    <a href=\"https:\/\/www.tui.ch\/de\/blog\/tag\/mallorca\/\" target=\"_self\"\r\n                       class=\"teaserbox-gradient\"\r\n                       aria-label=\"Mallorca\"><\/a>\r\n                                            <div class=\"teaser-panel\">\r\n                            <p class=\"teaserbox-title\">Mallorca<\/p>\r\n                        <\/div>\r\n                                    <\/article>\r\n                            <article class=\"teaserbox\" style=\"background-image: url('')\">\r\n                    <a href=\"https:\/\/www.tui.ch\/de\/blog\/tag\/aegypten\/\" target=\"_blank\"\r\n                       class=\"teaserbox-gradient\"\r\n                       aria-label=\"\u00c4gypten\"><\/a>\r\n                                            <div class=\"teaser-panel\">\r\n                            <p class=\"teaserbox-title\">\u00c4gypten<\/p>\r\n                        <\/div>\r\n                                    <\/article>\r\n                            <article class=\"teaserbox\" style=\"background-image: url('')\">\r\n                    <a href=\"https:\/\/www.tui.ch\/de\/blog\/tag\/griechenland\/\" target=\"_blank\"\r\n                       class=\"teaserbox-gradient\"\r\n                       aria-label=\"Griechenland\"><\/a>\r\n                                            <div class=\"teaser-panel\">\r\n                            <p class=\"teaserbox-title\">Griechenland<\/p>\r\n                        <\/div>\r\n                                    <\/article>\r\n                            <article class=\"teaserbox\" style=\"background-image: url('')\">\r\n                    <a href=\"https:\/\/www.tui.ch\/de\/blog\/tag\/italien\/\" target=\"_blank\"\r\n                       class=\"teaserbox-gradient\"\r\n                       aria-label=\"Italien\"><\/a>\r\n                                            <div class=\"teaser-panel\">\r\n                            <p class=\"teaserbox-title\">Italien<\/p>\r\n                        <\/div>\r\n                                    <\/article>\r\n                    <\/div>\r\n    <\/div>\r\n\n<\/div><\/div>\n\n<div class=\"gb-container gb-container-ce7e561e\"><div class=\"gb-inside-container\">\n\n<h2 class=\"gb-headline gb-headline-735fafd4 gb-headline-text\">Mallorca auf dem TUI Reiseblog<\/h2>\n\n\n<section class=\"article-block container\">\r\n\r\n    \r\n                        \r\n<\/section>\n<\/div><\/div>\n\n<div class=\"gb-container gb-container-5074aecd\"><div class=\"gb-inside-container\">\n<div class=\"gb-button-wrapper gb-button-wrapper-02fdb816\">\n\n<a class=\"gb-button gb-button-bcac2229 gb-button-text tui-btn\" href=\"https:\/\/www.tui.ch\/de\/blog\/tag\/mallorca\/\">Alle ansehen<\/a>\n\n<\/div>\n<\/div><\/div>","protected":false},"excerpt":{"rendered":"<p>Unsere Top Artikel Unsere beliebtesten Reiseziele am Meer Mallorca auf dem TUI Reiseblog<\/p>\n","protected":false},"author":160,"featured_media":488203,"parent":0,"menu_order":0,"comment_status":"closed","ping_status":"closed","template":"","meta":{"_acf_changed":false,"footnotes":""},"class_list":["post-488217","page","type-page","status-publish","has-post-thumbnail"],"acf":[],"yoast_head":"<!-- This site is optimized with the Yoast SEO plugin v27.4 - https:\/\/yoast.com\/product\/yoast-seo-wordpress\/ -->\n<title>Roadtrips \u2013 Routen, Tipps &amp; Inspiration - TUI.ch Reiseblog<\/title>\n<meta name=\"description\" content=\"Entdecke auf dem TUI Blog traumhafte Roadtrips: Routen, Tipps &amp; Geschichten f\u00fcr dein Abenteuer auf R\u00e4dern \u2013 erlebe Freiheit, Spontanit\u00e4t &amp; Natur pur!\" \/>\n<meta name=\"robots\" content=\"index, follow, max-snippet:-1, max-image-preview:large, max-video-preview:-1\" \/>\n<link rel=\"canonical\" href=\"https:\/\/www.tui.ch\/de\/blog\/roadtrips\/\" \/>\n<meta property=\"og:locale\" content=\"de_DE\" \/>\n<meta property=\"og:type\" content=\"article\" \/>\n<meta property=\"og:title\" content=\"Roadtrips \u2013 Routen, Tipps &amp; Inspiration - TUI.ch Reiseblog\" \/>\n<meta property=\"og:description\" content=\"Entdecke auf dem TUI Blog traumhafte Roadtrips: Routen, Tipps &amp; Geschichten f\u00fcr dein Abenteuer auf R\u00e4dern \u2013 erlebe Freiheit, Spontanit\u00e4t &amp; Natur pur!\" \/>\n<meta property=\"og:url\" content=\"https:\/\/www.tui.ch\/de\/blog\/roadtrips\/\" \/>\n<meta property=\"og:site_name\" content=\"TUI.ch Reiseblog\" \/>\n<meta property=\"article:modified_time\" content=\"2025-10-28T15:01:46+00:00\" \/>\n<meta property=\"og:image\" content=\"https:\/\/www.tui.ch\/de\/blog\/wp-content\/uploads\/2025\/10\/kategorie-andere-reisearten-AdobeStock_299105798-Tryfonov.webp\" \/>\n\t<meta property=\"og:image:width\" content=\"1920\" \/>\n\t<meta property=\"og:image:height\" content=\"651\" \/>\n\t<meta property=\"og:image:type\" content=\"image\/webp\" \/>\n<meta name=\"twitter:card\" content=\"summary_large_image\" \/>\n<meta name=\"twitter:label1\" content=\"Gesch\u00e4tzte Lesezeit\" \/>\n\t<meta name=\"twitter:data1\" content=\"1\u00a0Minute\" \/>\n<script type=\"application\/ld+json\" class=\"yoast-schema-graph\">{\"@context\":\"https:\\\/\\\/schema.org\",\"@graph\":[{\"@type\":\"WebPage\",\"@id\":\"https:\\\/\\\/www.tui.ch\\\/de\\\/blog\\\/roadtrips\\\/\",\"url\":\"https:\\\/\\\/www.tui.ch\\\/de\\\/blog\\\/roadtrips\\\/\",\"name\":\"Roadtrips \u2013 Routen, Tipps & Inspiration - TUI.ch Reiseblog\",\"isPartOf\":{\"@id\":\"https:\\\/\\\/www.tui.ch\\\/de\\\/blog\\\/#website\"},\"primaryImageOfPage\":{\"@id\":\"https:\\\/\\\/www.tui.ch\\\/de\\\/blog\\\/roadtrips\\\/#primaryimage\"},\"image\":{\"@id\":\"https:\\\/\\\/www.tui.ch\\\/de\\\/blog\\\/roadtrips\\\/#primaryimage\"},\"thumbnailUrl\":\"https:\\\/\\\/www.tui.ch\\\/de\\\/blog\\\/wp-content\\\/uploads\\\/2025\\\/10\\\/kategorie-andere-reisearten-AdobeStock_299105798-Tryfonov.webp\",\"datePublished\":\"2025-10-28T14:19:29+00:00\",\"dateModified\":\"2025-10-28T15:01:46+00:00\",\"description\":\"Entdecke auf dem TUI Blog traumhafte Roadtrips: Routen, Tipps & Geschichten f\u00fcr dein Abenteuer auf R\u00e4dern \u2013 erlebe Freiheit, Spontanit\u00e4t & Natur pur!\",\"breadcrumb\":{\"@id\":\"https:\\\/\\\/www.tui.ch\\\/de\\\/blog\\\/roadtrips\\\/#breadcrumb\"},\"inLanguage\":\"de\",\"potentialAction\":[{\"@type\":\"ReadAction\",\"target\":[\"https:\\\/\\\/www.tui.ch\\\/de\\\/blog\\\/roadtrips\\\/\"]}]},{\"@type\":\"ImageObject\",\"inLanguage\":\"de\",\"@id\":\"https:\\\/\\\/www.tui.ch\\\/de\\\/blog\\\/roadtrips\\\/#primaryimage\",\"url\":\"https:\\\/\\\/www.tui.ch\\\/de\\\/blog\\\/wp-content\\\/uploads\\\/2025\\\/10\\\/kategorie-andere-reisearten-AdobeStock_299105798-Tryfonov.webp\",\"contentUrl\":\"https:\\\/\\\/www.tui.ch\\\/de\\\/blog\\\/wp-content\\\/uploads\\\/2025\\\/10\\\/kategorie-andere-reisearten-AdobeStock_299105798-Tryfonov.webp\",\"width\":1920,\"height\":651},{\"@type\":\"BreadcrumbList\",\"@id\":\"https:\\\/\\\/www.tui.ch\\\/de\\\/blog\\\/roadtrips\\\/#breadcrumb\",\"itemListElement\":[{\"@type\":\"ListItem\",\"position\":1,\"name\":\"Startseite\",\"item\":\"https:\\\/\\\/www.tui.ch\\\/de\\\/blog\\\/\"},{\"@type\":\"ListItem\",\"position\":2,\"name\":\"Roadtrips\"}]},{\"@type\":\"WebSite\",\"@id\":\"https:\\\/\\\/www.tui.ch\\\/de\\\/blog\\\/#website\",\"url\":\"https:\\\/\\\/www.tui.ch\\\/de\\\/blog\\\/\",\"name\":\"TUI.ch Reiseblog\",\"description\":\"Inspirationen, Tipps und Anregungen f\u00fcr deine Ferien\",\"publisher\":{\"@id\":\"https:\\\/\\\/www.tui.ch\\\/de\\\/blog\\\/#organization\"},\"potentialAction\":[{\"@type\":\"SearchAction\",\"target\":{\"@type\":\"EntryPoint\",\"urlTemplate\":\"https:\\\/\\\/www.tui.ch\\\/de\\\/blog\\\/?s={search_term_string}\"},\"query-input\":{\"@type\":\"PropertyValueSpecification\",\"valueRequired\":true,\"valueName\":\"search_term_string\"}}],\"inLanguage\":\"de\"},{\"@type\":\"Organization\",\"@id\":\"https:\\\/\\\/www.tui.ch\\\/de\\\/blog\\\/#organization\",\"name\":\"TUI.ch Reiseblog\",\"url\":\"https:\\\/\\\/www.tui.ch\\\/de\\\/blog\\\/\",\"logo\":{\"@type\":\"ImageObject\",\"inLanguage\":\"de\",\"@id\":\"https:\\\/\\\/www.tui.ch\\\/de\\\/blog\\\/#\\\/schema\\\/logo\\\/image\\\/\",\"url\":\"https:\\\/\\\/www.tui.ch\\\/de\\\/blog\\\/wp-content\\\/uploads\\\/2025\\\/09\\\/cropped-tui-logo-3.webp\",\"contentUrl\":\"https:\\\/\\\/www.tui.ch\\\/de\\\/blog\\\/wp-content\\\/uploads\\\/2025\\\/09\\\/cropped-tui-logo-3.webp\",\"width\":164,\"height\":72,\"caption\":\"TUI.ch Reiseblog\"},\"image\":{\"@id\":\"https:\\\/\\\/www.tui.ch\\\/de\\\/blog\\\/#\\\/schema\\\/logo\\\/image\\\/\"}}]}<\/script>\n<!-- \/ Yoast SEO plugin. -->","yoast_head_json":{"title":"Roadtrips \u2013 Routen, Tipps & Inspiration - TUI.ch Reiseblog","description":"Entdecke auf dem TUI Blog traumhafte Roadtrips: Routen, Tipps & Geschichten f\u00fcr dein Abenteuer auf R\u00e4dern \u2013 erlebe Freiheit, Spontanit\u00e4t & Natur pur!","robots":{"index":"index","follow":"follow","max-snippet":"max-snippet:-1","max-image-preview":"max-image-preview:large","max-video-preview":"max-video-preview:-1"},"canonical":"https:\/\/www.tui.ch\/de\/blog\/roadtrips\/","og_locale":"de_DE","og_type":"article","og_title":"Roadtrips \u2013 Routen, Tipps & Inspiration - TUI.ch Reiseblog","og_description":"Entdecke auf dem TUI Blog traumhafte Roadtrips: Routen, Tipps & Geschichten f\u00fcr dein Abenteuer auf R\u00e4dern \u2013 erlebe Freiheit, Spontanit\u00e4t & Natur pur!","og_url":"https:\/\/www.tui.ch\/de\/blog\/roadtrips\/","og_site_name":"TUI.ch Reiseblog","article_modified_time":"2025-10-28T15:01:46+00:00","og_image":[{"width":1920,"height":651,"url":"https:\/\/www.tui.ch\/de\/blog\/wp-content\/uploads\/2025\/10\/kategorie-andere-reisearten-AdobeStock_299105798-Tryfonov.webp","type":"image\/webp"}],"twitter_card":"summary_large_image","twitter_misc":{"Gesch\u00e4tzte Lesezeit":"1\u00a0Minute"},"schema":{"@context":"https:\/\/schema.org","@graph":[{"@type":"WebPage","@id":"https:\/\/www.tui.ch\/de\/blog\/roadtrips\/","url":"https:\/\/www.tui.ch\/de\/blog\/roadtrips\/","name":"Roadtrips \u2013 Routen, Tipps & Inspiration - TUI.ch Reiseblog","isPartOf":{"@id":"https:\/\/www.tui.ch\/de\/blog\/#website"},"primaryImageOfPage":{"@id":"https:\/\/www.tui.ch\/de\/blog\/roadtrips\/#primaryimage"},"image":{"@id":"https:\/\/www.tui.ch\/de\/blog\/roadtrips\/#primaryimage"},"thumbnailUrl":"https:\/\/www.tui.ch\/de\/blog\/wp-content\/uploads\/2025\/10\/kategorie-andere-reisearten-AdobeStock_299105798-Tryfonov.webp","datePublished":"2025-10-28T14:19:29+00:00","dateModified":"2025-10-28T15:01:46+00:00","description":"Entdecke auf dem TUI Blog traumhafte Roadtrips: Routen, Tipps & Geschichten f\u00fcr dein Abenteuer auf R\u00e4dern \u2013 erlebe Freiheit, Spontanit\u00e4t & Natur pur!","breadcrumb":{"@id":"https:\/\/www.tui.ch\/de\/blog\/roadtrips\/#breadcrumb"},"inLanguage":"de","potentialAction":[{"@type":"ReadAction","target":["https:\/\/www.tui.ch\/de\/blog\/roadtrips\/"]}]},{"@type":"ImageObject","inLanguage":"de","@id":"https:\/\/www.tui.ch\/de\/blog\/roadtrips\/#primaryimage","url":"https:\/\/www.tui.ch\/de\/blog\/wp-content\/uploads\/2025\/10\/kategorie-andere-reisearten-AdobeStock_299105798-Tryfonov.webp","contentUrl":"https:\/\/www.tui.ch\/de\/blog\/wp-content\/uploads\/2025\/10\/kategorie-andere-reisearten-AdobeStock_299105798-Tryfonov.webp","width":1920,"height":651},{"@type":"BreadcrumbList","@id":"https:\/\/www.tui.ch\/de\/blog\/roadtrips\/#breadcrumb","itemListElement":[{"@type":"ListItem","position":1,"name":"Startseite","item":"https:\/\/www.tui.ch\/de\/blog\/"},{"@type":"ListItem","position":2,"name":"Roadtrips"}]},{"@type":"WebSite","@id":"https:\/\/www.tui.ch\/de\/blog\/#website","url":"https:\/\/www.tui.ch\/de\/blog\/","name":"TUI.ch Reiseblog","description":"Inspirationen, Tipps und Anregungen f\u00fcr deine Ferien","publisher":{"@id":"https:\/\/www.tui.ch\/de\/blog\/#organization"},"potentialAction":[{"@type":"SearchAction","target":{"@type":"EntryPoint","urlTemplate":"https:\/\/www.tui.ch\/de\/blog\/?s={search_term_string}"},"query-input":{"@type":"PropertyValueSpecification","valueRequired":true,"valueName":"search_term_string"}}],"inLanguage":"de"},{"@type":"Organization","@id":"https:\/\/www.tui.ch\/de\/blog\/#organization","name":"TUI.ch Reiseblog","url":"https:\/\/www.tui.ch\/de\/blog\/","logo":{"@type":"ImageObject","inLanguage":"de","@id":"https:\/\/www.tui.ch\/de\/blog\/#\/schema\/logo\/image\/","url":"https:\/\/www.tui.ch\/de\/blog\/wp-content\/uploads\/2025\/09\/cropped-tui-logo-3.webp","contentUrl":"https:\/\/www.tui.ch\/de\/blog\/wp-content\/uploads\/2025\/09\/cropped-tui-logo-3.webp","width":164,"height":72,"caption":"TUI.ch Reiseblog"},"image":{"@id":"https:\/\/www.tui.ch\/de\/blog\/#\/schema\/logo\/image\/"}}]}},"_links":{"self":[{"href":"https:\/\/www.tui.ch\/de\/blog\/wp-json\/wp\/v2\/pages\/488217","targetHints":{"allow":["GET"]}}],"collection":[{"href":"https:\/\/www.tui.ch\/de\/blog\/wp-json\/wp\/v2\/pages"}],"about":[{"href":"https:\/\/www.tui.ch\/de\/blog\/wp-json\/wp\/v2\/types\/page"}],"author":[{"embeddable":true,"href":"https:\/\/www.tui.ch\/de\/blog\/wp-json\/wp\/v2\/users\/160"}],"replies":[{"embeddable":true,"href":"https:\/\/www.tui.ch\/de\/blog\/wp-json\/wp\/v2\/comments?post=488217"}],"version-history":[{"count":2,"href":"https:\/\/www.tui.ch\/de\/blog\/wp-json\/wp\/v2\/pages\/488217\/revisions"}],"predecessor-version":[{"id":488279,"href":"https:\/\/www.tui.ch\/de\/blog\/wp-json\/wp\/v2\/pages\/488217\/revisions\/488279"}],"wp:featuredmedia":[{"embeddable":true,"href":"https:\/\/www.tui.ch\/de\/blog\/wp-json\/wp\/v2\/media\/488203"}],"wp:attachment":[{"href":"https:\/\/www.tui.ch\/de\/blog\/wp-json\/wp\/v2\/media?parent=488217"}],"curies":[{"name":"wp","href":"https:\/\/api.w.org\/{rel}","templated":true}]}}