{"id":488171,"date":"2025-10-28T14:50:39","date_gmt":"2025-10-28T13:50:39","guid":{"rendered":"https:\/\/www.tui.ch\/de\/blog\/?page_id=488171"},"modified":"2025-10-28T15:50:26","modified_gmt":"2025-10-28T14:50:26","slug":"aktivreisen","status":"publish","type":"page","link":"https:\/\/www.tui.ch\/de\/blog\/aktivreisen\/","title":{"rendered":"Aktive Reisen"},"content":{"rendered":"<div class=\"gb-container gb-container-af47a24d\"><div class=\"gb-inside-container\">\n<div class=\"gb-container gb-container-5c7c3cd9\"><div class=\"gb-inside-container\">\n<div class=\"gb-grid-wrapper gb-grid-wrapper-4674d008\">\n<div class=\"gb-grid-column gb-grid-column-e5cdbe06\"><div class=\"gb-container gb-container-e5cdbe06\">\n\n<p class=\"gb-headline gb-headline-3528e644 gb-headline-text\"><strong>Raus aus dem Alltag: Aktivferien entdecken&nbsp;<\/strong><\/p>\n\n\n\n<p class=\"has-text-align-center\">Raus aus dem Alltag, rein ins Abenteuer! Ob \u00fcber sanfte H\u00fcgel wandern, auf Bergseen paddeln oder auf versteckten Trails die Natur entdecken \u2013 hier findest du Inspiration f\u00fcr Ferien, die richtig in Bewegung bringen. Vom ersten Herzklopfen beim Aufstieg bis zum Adrenalinkick beim Surfen: Auf dem TUI Blog teilen wir Tipps, pers\u00f6nliche Erfahrungen und Ideen f\u00fcr alle, die ihre Ferien voller Aktivit\u00e4t und Naturerlebnis gestalten m\u00f6chten. Jede Reise wird so zu einem unvergesslichen Abenteuer.&nbsp;<\/p>\n\n<\/div><\/div>\n\n<div class=\"gb-grid-column gb-grid-column-d380042d\"><div class=\"gb-container gb-container-d380042d\">\n<div class=\"wp-block-image\">\n<figure class=\"aligncenter size-full is-resized\"><img decoding=\"async\" src=\"https:\/\/www.tui.ch\/de\/blog\/wp-content\/uploads\/2025\/10\/icon-scuba-diving.svg\" alt=\"\" class=\"wp-image-488175\" style=\"width:115px\"\/><\/figure><\/div>\n<\/div><\/div>\n<\/div>\n<\/div><\/div>\n<\/div><\/div>\n\n<div class=\"gb-container gb-container-86c519b2\">\n\n<h2 class=\"gb-headline gb-headline-dc039d34 gb-headline-text\">Unsere Top Artikel<\/h2>\n\n\n    <div class=\"toparticle-item toparticle-block\">\r\n        <div class=\"row\">\r\n                            <article class=\"toparticle\" style=\"background-image: url('https:\/\/www.tui.ch\/de\/blog\/wp-content\/uploads\/2024\/10\/Foto11-e1728309497893-scaled.jpg')\" role=\"img\" aria-label=\"Faszination Madeira \u2013 Natur und Abenteuer pur \">\r\n                    <a href=\"https:\/\/www.tui.ch\/de\/blog\/madeira-entdecken-ein-paradies-fuer-naturliebhaber-und-abenteurer\/\" target=\"https:\/\/www.tui.ch\/de\/blog\/madeira-entdecken-ein-paradies-fuer-naturliebhaber-und-abenteurer\/\" class=\"toparticle-gradient\" aria-label=\"Top Article Link\"><\/a>\r\n                                            <div class=\"toparticle-panel \">\r\n                            <p class=\"toparticle-title\">Faszination Madeira \u2013 Natur und Abenteuer pur <\/p>\r\n                                                    <\/div>\r\n                                    <\/article>\r\n                            <article class=\"toparticle\" style=\"background-image: url('https:\/\/www.tui.ch\/de\/blog\/wp-content\/uploads\/2024\/10\/Titelbild-Blogbeitrag.jpg')\" role=\"img\" aria-label=\"Nordlichter und Nordm\u00e4rkte \u2013 Faszination Norden\">\r\n                    <a href=\"https:\/\/www.tui.ch\/de\/blog\/faszination-norden\/\" target=\"https:\/\/www.tui.ch\/de\/blog\/faszination-norden\/\" class=\"toparticle-gradient\" aria-label=\"Top Article Link\"><\/a>\r\n                                            <div class=\"toparticle-panel \">\r\n                            <p class=\"toparticle-title\">Nordlichter und Nordm\u00e4rkte \u2013 Faszination Norden<\/p>\r\n                                                    <\/div>\r\n                                    <\/article>\r\n                    <\/div>\r\n    <\/div>\r\n\n<\/div>\n\n<div class=\"gb-container gb-container-0471e53d\"><div class=\"gb-inside-container\">\n<section class=\"article-block container\">\r\n\r\n    <h2>Unsere neusten Aktivreisen-Artikel<\/h2>\r\n            <div class=\"highlighted-article\" id=\"\">\r\n            \r\n                                            \r\n\r\n                    <article class=\"highlighted-article--container\">\r\n                        <div class=\"highlighted-article__grid\">\r\n                            <a href=\"https:\/\/www.tui.ch\/de\/blog\/faszination-norden\/\" class=\"teaser\" style=\"background-image:url('https:\/\/www.tui.ch\/de\/blog\/wp-content\/uploads\/2024\/10\/Titelbild-Blogbeitrag.jpg');\" aria-label=\"Faszination Norden: 4 Kreuzfahrten, um das n\u00f6rdliche Europa zu entdecken\"><\/a>\r\n                            <div class=\"highlighted-article__content\">\r\n                                                                                                    <span class=\"highlighted-article__category\">Aktive Reisen<\/span>\r\n                                                                <h3 class=\"title\"><a href=\"https:\/\/www.tui.ch\/de\/blog\/faszination-norden\/\">Faszination Norden: 4 Kreuzfahrten, um das n\u00f6rdliche Europa zu entdecken<\/a><\/h3>\r\n                                <time datetime=\"Fr..Nov..2024\" itemprop=\"datePublished\">08.11.2024<\/time>\r\n                                <p class=\"excerpt\">4 Kreuzfahrten, um das n\u00f6rdliche Europa zu entdecken In den n\u00f6rdlichen Destinationen treffen atemberaubende Natur, reiche Kultur und einzigartige Tradition aufeinander. Von der unber\u00fchrten Landschaft Gr\u00f6nlands, \u00fcber majest\u00e4tische Fjorde Norwegens, bis hin zu lebendigen Hafenst\u00e4dten \u2013 jede Region bietet unvergessliche Erlebnisse. Tauche ein in die herzliche Gastfreundschaft der Einheimischen, erlebe <span class=\"read-more\"><a href=\"https:\/\/www.tui.ch\/de\/blog\/faszination-norden\/\">Weiterlesen<\/a><\/span><\/p>\r\n                            <\/div>\r\n                        <\/div>\r\n\r\n                    <\/article>\r\n\r\n                \r\n                                                                <div class=\"articles\">\r\n                                                <a href=\"https:\/\/www.tui.ch\/de\/blog\/madeira-entdecken-ein-paradies-fuer-naturliebhaber-und-abenteurer\/\" aria-label=\"Madeira entdecken: Ein Paradies f\u00fcr Naturliebhaber und Abenteurer\">\r\n                            <img decoding=\"async\" src=\"https:\/\/www.tui.ch\/de\/blog\/wp-content\/uploads\/2024\/10\/Foto11-e1728309497893-390x198.jpg\" loading=\"lazy\" width=\"100%\" height=\"auto\" alt=\"Luftbild von Madeira in Portugal.\">\r\n                        <\/a>\r\n                        <div class=\"\">\r\n                                                        <div class=\"info-grid\">\r\n                                <div><span class=\"highlighted-article__category\">Aktive Reisen<\/span><\/div>\r\n                                <div class=\"time\"><time datetime=\"Fr..Okt..2024\" itemprop=\"datePublished\">11.10.2024<\/time><\/div>\r\n                            <\/div>\r\n                            <h3 class=\"title\"><a href=\"https:\/\/www.tui.ch\/de\/blog\/madeira-entdecken-ein-paradies-fuer-naturliebhaber-und-abenteurer\/\">Madeira entdecken: Ein Paradies f\u00fcr Naturliebhaber und Abenteurer<\/a><\/h3>\r\n                        <\/div>\r\n                    <\/div>\r\n\r\n                \r\n                                                                <div class=\"articles\">\r\n                                                <a href=\"https:\/\/www.tui.ch\/de\/blog\/die-faszinierende-insel-madeira\/\" aria-label=\"Die faszinierende Insel Madeira\">\r\n                            <img decoding=\"async\" src=\"https:\/\/www.tui.ch\/de\/blog\/wp-content\/uploads\/2020\/08\/Titelbild_670x361px-390x210.jpg\" loading=\"lazy\" width=\"100%\" height=\"auto\" alt=\"\">\r\n                        <\/a>\r\n                        <div class=\"\">\r\n                                                        <div class=\"info-grid\">\r\n                                <div><span class=\"highlighted-article__category\">Aktive Reisen<\/span><\/div>\r\n                                <div class=\"time\"><time datetime=\"Fr..Aug..2020\" itemprop=\"datePublished\">07.08.2020<\/time><\/div>\r\n                            <\/div>\r\n                            <h3 class=\"title\"><a href=\"https:\/\/www.tui.ch\/de\/blog\/die-faszinierende-insel-madeira\/\">Die faszinierende Insel Madeira<\/a><\/h3>\r\n                        <\/div>\r\n                    <\/div>\r\n\r\n                \r\n                                    \r\n        <\/div>\r\n    \r\n<\/section>\n<\/div><\/div>\n\n<div class=\"gb-container gb-container-e990a9b7\">\n<div class=\"gb-button-wrapper gb-button-wrapper-667eabda\">\n\n<a class=\"gb-button gb-button-47db0ba3 gb-button-text tui-btn\" href=\"\/blog\/archiv-aktive-reisen\/\">Alle ansehen<\/a>\n\n<\/div>\n<\/div>\n\n<div class=\"gb-container gb-container-7756686b\"><div class=\"gb-inside-container\">\n<div class=\"gb-container gb-container-929eed9e\"><div class=\"gb-inside-container\"><\/div><\/div>\n<\/div><\/div>\n\n<div class=\"gb-container gb-container-f1b4b9c6\"><div class=\"gb-inside-container\">\n\n<h2 class=\"gb-headline gb-headline-db235040 gb-headline-text\">Unsere beliebtesten Reiseziele am Meer<\/h2>\n\n\n    <div class=\"teaser-item teaser-block\">\r\n        <div class=\"row\">\r\n                            <article class=\"teaserbox\" style=\"background-image: url('')\">\r\n                    <a href=\"https:\/\/www.tui.ch\/de\/blog\/tag\/mallorca\/\" target=\"_self\"\r\n                       class=\"teaserbox-gradient\"\r\n                       aria-label=\"Mallorca\"><\/a>\r\n                                            <div class=\"teaser-panel\">\r\n                            <p class=\"teaserbox-title\">Mallorca<\/p>\r\n                        <\/div>\r\n                                    <\/article>\r\n                            <article class=\"teaserbox\" style=\"background-image: url('')\">\r\n                    <a href=\"https:\/\/www.tui.ch\/de\/blog\/tag\/aegypten\/\" target=\"_blank\"\r\n                       class=\"teaserbox-gradient\"\r\n                       aria-label=\"\u00c4gypten\"><\/a>\r\n                                            <div class=\"teaser-panel\">\r\n                            <p class=\"teaserbox-title\">\u00c4gypten<\/p>\r\n                        <\/div>\r\n                                    <\/article>\r\n                            <article class=\"teaserbox\" style=\"background-image: url('')\">\r\n                    <a href=\"https:\/\/www.tui.ch\/de\/blog\/tag\/griechenland\/\" target=\"_blank\"\r\n                       class=\"teaserbox-gradient\"\r\n                       aria-label=\"Griechenland\"><\/a>\r\n                                            <div class=\"teaser-panel\">\r\n                            <p class=\"teaserbox-title\">Griechenland<\/p>\r\n                        <\/div>\r\n                                    <\/article>\r\n                            <article class=\"teaserbox\" style=\"background-image: url('')\">\r\n                    <a href=\"https:\/\/www.tui.ch\/de\/blog\/tag\/italien\/\" target=\"_blank\"\r\n                       class=\"teaserbox-gradient\"\r\n                       aria-label=\"Italien\"><\/a>\r\n                                            <div class=\"teaser-panel\">\r\n                            <p class=\"teaserbox-title\">Italien<\/p>\r\n                        <\/div>\r\n                                    <\/article>\r\n                    <\/div>\r\n    <\/div>\r\n\n<\/div><\/div>\n\n<div class=\"gb-container gb-container-ce7e561e\"><div class=\"gb-inside-container\">\n\n<h2 class=\"gb-headline gb-headline-735fafd4 gb-headline-text\">Mallorca auf dem TUI Reiseblog<\/h2>\n\n\n<section class=\"article-block container\">\r\n\r\n    \r\n                        \r\n<\/section>\n<\/div><\/div>\n\n<div class=\"gb-container gb-container-5074aecd\"><div class=\"gb-inside-container\">\n<div class=\"gb-button-wrapper gb-button-wrapper-02fdb816\">\n\n<a class=\"gb-button gb-button-bcac2229 gb-button-text tui-btn\" href=\"https:\/\/www.tui.ch\/de\/blog\/tag\/mallorca\/\">Alle ansehen<\/a>\n\n<\/div>\n<\/div><\/div>","protected":false},"excerpt":{"rendered":"<p>Unsere Top Artikel Unsere beliebtesten Reiseziele am Meer Mallorca auf dem TUI Reiseblog<\/p>\n","protected":false},"author":160,"featured_media":488173,"parent":0,"menu_order":0,"comment_status":"closed","ping_status":"closed","template":"","meta":{"_acf_changed":false,"footnotes":""},"class_list":["post-488171","page","type-page","status-publish","has-post-thumbnail"],"acf":[],"yoast_head":"<!-- This site is optimized with the Yoast SEO plugin v27.4 - https:\/\/yoast.com\/product\/yoast-seo-wordpress\/ -->\n<title>Aktivreisen \u2013 Ideen &amp; Tipps f\u00fcr Abenteuer - TUI.ch Reiseblog<\/title>\n<meta name=\"description\" content=\"Entdecke auf dem TUI Blog Inspiration f\u00fcr Aktivreisen: Wandern, Paddeln, Surfen &amp; mehr \u2013 Tipps &amp; Erlebnisse f\u00fcr unvergessliche Abenteuer in der Natur!\" \/>\n<meta name=\"robots\" content=\"index, follow, max-snippet:-1, max-image-preview:large, max-video-preview:-1\" \/>\n<link rel=\"canonical\" href=\"https:\/\/www.tui.ch\/de\/blog\/aktivreisen\/\" \/>\n<meta property=\"og:locale\" content=\"de_DE\" \/>\n<meta property=\"og:type\" content=\"article\" \/>\n<meta property=\"og:title\" content=\"Aktivreisen \u2013 Ideen &amp; Tipps f\u00fcr Abenteuer - TUI.ch Reiseblog\" \/>\n<meta property=\"og:description\" content=\"Entdecke auf dem TUI Blog Inspiration f\u00fcr Aktivreisen: Wandern, Paddeln, Surfen &amp; mehr \u2013 Tipps &amp; Erlebnisse f\u00fcr unvergessliche Abenteuer in der Natur!\" \/>\n<meta property=\"og:url\" content=\"https:\/\/www.tui.ch\/de\/blog\/aktivreisen\/\" \/>\n<meta property=\"og:site_name\" content=\"TUI.ch Reiseblog\" \/>\n<meta property=\"article:modified_time\" content=\"2025-10-28T14:50:26+00:00\" \/>\n<meta property=\"og:image\" content=\"https:\/\/www.tui.ch\/de\/blog\/wp-content\/uploads\/2025\/10\/kategorie-aktiv-AdobeStock_76322534.jpg\" \/>\n\t<meta property=\"og:image:width\" content=\"1920\" \/>\n\t<meta property=\"og:image:height\" content=\"642\" \/>\n\t<meta property=\"og:image:type\" content=\"image\/jpeg\" \/>\n<meta name=\"twitter:card\" content=\"summary_large_image\" \/>\n<meta name=\"twitter:label1\" content=\"Gesch\u00e4tzte Lesezeit\" \/>\n\t<meta name=\"twitter:data1\" content=\"1\u00a0Minute\" \/>\n<script type=\"application\/ld+json\" class=\"yoast-schema-graph\">{\"@context\":\"https:\\\/\\\/schema.org\",\"@graph\":[{\"@type\":\"WebPage\",\"@id\":\"https:\\\/\\\/www.tui.ch\\\/de\\\/blog\\\/aktivreisen\\\/\",\"url\":\"https:\\\/\\\/www.tui.ch\\\/de\\\/blog\\\/aktivreisen\\\/\",\"name\":\"Aktivreisen \u2013 Ideen & Tipps f\u00fcr Abenteuer - TUI.ch Reiseblog\",\"isPartOf\":{\"@id\":\"https:\\\/\\\/www.tui.ch\\\/de\\\/blog\\\/#website\"},\"primaryImageOfPage\":{\"@id\":\"https:\\\/\\\/www.tui.ch\\\/de\\\/blog\\\/aktivreisen\\\/#primaryimage\"},\"image\":{\"@id\":\"https:\\\/\\\/www.tui.ch\\\/de\\\/blog\\\/aktivreisen\\\/#primaryimage\"},\"thumbnailUrl\":\"https:\\\/\\\/www.tui.ch\\\/de\\\/blog\\\/wp-content\\\/uploads\\\/2025\\\/10\\\/kategorie-aktiv-AdobeStock_76322534.jpg\",\"datePublished\":\"2025-10-28T13:50:39+00:00\",\"dateModified\":\"2025-10-28T14:50:26+00:00\",\"description\":\"Entdecke auf dem TUI Blog Inspiration f\u00fcr Aktivreisen: Wandern, Paddeln, Surfen & mehr \u2013 Tipps & Erlebnisse f\u00fcr unvergessliche Abenteuer in der Natur!\",\"breadcrumb\":{\"@id\":\"https:\\\/\\\/www.tui.ch\\\/de\\\/blog\\\/aktivreisen\\\/#breadcrumb\"},\"inLanguage\":\"de\",\"potentialAction\":[{\"@type\":\"ReadAction\",\"target\":[\"https:\\\/\\\/www.tui.ch\\\/de\\\/blog\\\/aktivreisen\\\/\"]}]},{\"@type\":\"ImageObject\",\"inLanguage\":\"de\",\"@id\":\"https:\\\/\\\/www.tui.ch\\\/de\\\/blog\\\/aktivreisen\\\/#primaryimage\",\"url\":\"https:\\\/\\\/www.tui.ch\\\/de\\\/blog\\\/wp-content\\\/uploads\\\/2025\\\/10\\\/kategorie-aktiv-AdobeStock_76322534.jpg\",\"contentUrl\":\"https:\\\/\\\/www.tui.ch\\\/de\\\/blog\\\/wp-content\\\/uploads\\\/2025\\\/10\\\/kategorie-aktiv-AdobeStock_76322534.jpg\",\"width\":1920,\"height\":642},{\"@type\":\"BreadcrumbList\",\"@id\":\"https:\\\/\\\/www.tui.ch\\\/de\\\/blog\\\/aktivreisen\\\/#breadcrumb\",\"itemListElement\":[{\"@type\":\"ListItem\",\"position\":1,\"name\":\"Startseite\",\"item\":\"https:\\\/\\\/www.tui.ch\\\/de\\\/blog\\\/\"},{\"@type\":\"ListItem\",\"position\":2,\"name\":\"Aktive Reisen\"}]},{\"@type\":\"WebSite\",\"@id\":\"https:\\\/\\\/www.tui.ch\\\/de\\\/blog\\\/#website\",\"url\":\"https:\\\/\\\/www.tui.ch\\\/de\\\/blog\\\/\",\"name\":\"TUI.ch Reiseblog\",\"description\":\"Inspirationen, Tipps und Anregungen f\u00fcr deine Ferien\",\"publisher\":{\"@id\":\"https:\\\/\\\/www.tui.ch\\\/de\\\/blog\\\/#organization\"},\"potentialAction\":[{\"@type\":\"SearchAction\",\"target\":{\"@type\":\"EntryPoint\",\"urlTemplate\":\"https:\\\/\\\/www.tui.ch\\\/de\\\/blog\\\/?s={search_term_string}\"},\"query-input\":{\"@type\":\"PropertyValueSpecification\",\"valueRequired\":true,\"valueName\":\"search_term_string\"}}],\"inLanguage\":\"de\"},{\"@type\":\"Organization\",\"@id\":\"https:\\\/\\\/www.tui.ch\\\/de\\\/blog\\\/#organization\",\"name\":\"TUI.ch Reiseblog\",\"url\":\"https:\\\/\\\/www.tui.ch\\\/de\\\/blog\\\/\",\"logo\":{\"@type\":\"ImageObject\",\"inLanguage\":\"de\",\"@id\":\"https:\\\/\\\/www.tui.ch\\\/de\\\/blog\\\/#\\\/schema\\\/logo\\\/image\\\/\",\"url\":\"https:\\\/\\\/www.tui.ch\\\/de\\\/blog\\\/wp-content\\\/uploads\\\/2025\\\/09\\\/cropped-tui-logo-3.webp\",\"contentUrl\":\"https:\\\/\\\/www.tui.ch\\\/de\\\/blog\\\/wp-content\\\/uploads\\\/2025\\\/09\\\/cropped-tui-logo-3.webp\",\"width\":164,\"height\":72,\"caption\":\"TUI.ch Reiseblog\"},\"image\":{\"@id\":\"https:\\\/\\\/www.tui.ch\\\/de\\\/blog\\\/#\\\/schema\\\/logo\\\/image\\\/\"}}]}<\/script>\n<!-- \/ Yoast SEO plugin. -->","yoast_head_json":{"title":"Aktivreisen \u2013 Ideen & Tipps f\u00fcr Abenteuer - TUI.ch Reiseblog","description":"Entdecke auf dem TUI Blog Inspiration f\u00fcr Aktivreisen: Wandern, Paddeln, Surfen & mehr \u2013 Tipps & Erlebnisse f\u00fcr unvergessliche Abenteuer in der Natur!","robots":{"index":"index","follow":"follow","max-snippet":"max-snippet:-1","max-image-preview":"max-image-preview:large","max-video-preview":"max-video-preview:-1"},"canonical":"https:\/\/www.tui.ch\/de\/blog\/aktivreisen\/","og_locale":"de_DE","og_type":"article","og_title":"Aktivreisen \u2013 Ideen & Tipps f\u00fcr Abenteuer - TUI.ch Reiseblog","og_description":"Entdecke auf dem TUI Blog Inspiration f\u00fcr Aktivreisen: Wandern, Paddeln, Surfen & mehr \u2013 Tipps & Erlebnisse f\u00fcr unvergessliche Abenteuer in der Natur!","og_url":"https:\/\/www.tui.ch\/de\/blog\/aktivreisen\/","og_site_name":"TUI.ch Reiseblog","article_modified_time":"2025-10-28T14:50:26+00:00","og_image":[{"width":1920,"height":642,"url":"https:\/\/www.tui.ch\/de\/blog\/wp-content\/uploads\/2025\/10\/kategorie-aktiv-AdobeStock_76322534.jpg","type":"image\/jpeg"}],"twitter_card":"summary_large_image","twitter_misc":{"Gesch\u00e4tzte Lesezeit":"1\u00a0Minute"},"schema":{"@context":"https:\/\/schema.org","@graph":[{"@type":"WebPage","@id":"https:\/\/www.tui.ch\/de\/blog\/aktivreisen\/","url":"https:\/\/www.tui.ch\/de\/blog\/aktivreisen\/","name":"Aktivreisen \u2013 Ideen & Tipps f\u00fcr Abenteuer - TUI.ch Reiseblog","isPartOf":{"@id":"https:\/\/www.tui.ch\/de\/blog\/#website"},"primaryImageOfPage":{"@id":"https:\/\/www.tui.ch\/de\/blog\/aktivreisen\/#primaryimage"},"image":{"@id":"https:\/\/www.tui.ch\/de\/blog\/aktivreisen\/#primaryimage"},"thumbnailUrl":"https:\/\/www.tui.ch\/de\/blog\/wp-content\/uploads\/2025\/10\/kategorie-aktiv-AdobeStock_76322534.jpg","datePublished":"2025-10-28T13:50:39+00:00","dateModified":"2025-10-28T14:50:26+00:00","description":"Entdecke auf dem TUI Blog Inspiration f\u00fcr Aktivreisen: Wandern, Paddeln, Surfen & mehr \u2013 Tipps & Erlebnisse f\u00fcr unvergessliche Abenteuer in der Natur!","breadcrumb":{"@id":"https:\/\/www.tui.ch\/de\/blog\/aktivreisen\/#breadcrumb"},"inLanguage":"de","potentialAction":[{"@type":"ReadAction","target":["https:\/\/www.tui.ch\/de\/blog\/aktivreisen\/"]}]},{"@type":"ImageObject","inLanguage":"de","@id":"https:\/\/www.tui.ch\/de\/blog\/aktivreisen\/#primaryimage","url":"https:\/\/www.tui.ch\/de\/blog\/wp-content\/uploads\/2025\/10\/kategorie-aktiv-AdobeStock_76322534.jpg","contentUrl":"https:\/\/www.tui.ch\/de\/blog\/wp-content\/uploads\/2025\/10\/kategorie-aktiv-AdobeStock_76322534.jpg","width":1920,"height":642},{"@type":"BreadcrumbList","@id":"https:\/\/www.tui.ch\/de\/blog\/aktivreisen\/#breadcrumb","itemListElement":[{"@type":"ListItem","position":1,"name":"Startseite","item":"https:\/\/www.tui.ch\/de\/blog\/"},{"@type":"ListItem","position":2,"name":"Aktive Reisen"}]},{"@type":"WebSite","@id":"https:\/\/www.tui.ch\/de\/blog\/#website","url":"https:\/\/www.tui.ch\/de\/blog\/","name":"TUI.ch Reiseblog","description":"Inspirationen, Tipps und Anregungen f\u00fcr deine Ferien","publisher":{"@id":"https:\/\/www.tui.ch\/de\/blog\/#organization"},"potentialAction":[{"@type":"SearchAction","target":{"@type":"EntryPoint","urlTemplate":"https:\/\/www.tui.ch\/de\/blog\/?s={search_term_string}"},"query-input":{"@type":"PropertyValueSpecification","valueRequired":true,"valueName":"search_term_string"}}],"inLanguage":"de"},{"@type":"Organization","@id":"https:\/\/www.tui.ch\/de\/blog\/#organization","name":"TUI.ch Reiseblog","url":"https:\/\/www.tui.ch\/de\/blog\/","logo":{"@type":"ImageObject","inLanguage":"de","@id":"https:\/\/www.tui.ch\/de\/blog\/#\/schema\/logo\/image\/","url":"https:\/\/www.tui.ch\/de\/blog\/wp-content\/uploads\/2025\/09\/cropped-tui-logo-3.webp","contentUrl":"https:\/\/www.tui.ch\/de\/blog\/wp-content\/uploads\/2025\/09\/cropped-tui-logo-3.webp","width":164,"height":72,"caption":"TUI.ch Reiseblog"},"image":{"@id":"https:\/\/www.tui.ch\/de\/blog\/#\/schema\/logo\/image\/"}}]}},"_links":{"self":[{"href":"https:\/\/www.tui.ch\/de\/blog\/wp-json\/wp\/v2\/pages\/488171","targetHints":{"allow":["GET"]}}],"collection":[{"href":"https:\/\/www.tui.ch\/de\/blog\/wp-json\/wp\/v2\/pages"}],"about":[{"href":"https:\/\/www.tui.ch\/de\/blog\/wp-json\/wp\/v2\/types\/page"}],"author":[{"embeddable":true,"href":"https:\/\/www.tui.ch\/de\/blog\/wp-json\/wp\/v2\/users\/160"}],"replies":[{"embeddable":true,"href":"https:\/\/www.tui.ch\/de\/blog\/wp-json\/wp\/v2\/comments?post=488171"}],"version-history":[{"count":2,"href":"https:\/\/www.tui.ch\/de\/blog\/wp-json\/wp\/v2\/pages\/488171\/revisions"}],"predecessor-version":[{"id":488267,"href":"https:\/\/www.tui.ch\/de\/blog\/wp-json\/wp\/v2\/pages\/488171\/revisions\/488267"}],"wp:featuredmedia":[{"embeddable":true,"href":"https:\/\/www.tui.ch\/de\/blog\/wp-json\/wp\/v2\/media\/488173"}],"wp:attachment":[{"href":"https:\/\/www.tui.ch\/de\/blog\/wp-json\/wp\/v2\/media?parent=488171"}],"curies":[{"name":"wp","href":"https:\/\/api.w.org\/{rel}","templated":true}]}}