{"id":2,"date":"2012-07-09T08:17:58","date_gmt":"2012-07-09T06:17:58","guid":{"rendered":"http:\/\/test-blog.com.tui.plusline.net\/tuiblog\/?page_id=2"},"modified":"2025-10-29T15:09:07","modified_gmt":"2025-10-29T14:09:07","slug":"ueber-den-blog","status":"publish","type":"page","link":"https:\/\/www.tui.ch\/de\/blog\/ueber-den-blog\/","title":{"rendered":"\u00dcber den Blog"},"content":{"rendered":"<div class=\"gb-container gb-container-b0d07eb7\"><div class=\"gb-inside-container\">\n\n<p class=\"has-text-align-left has-large-font-size\"><strong>Der TUI.ch Reiseblog<\/strong><\/p>\n\n\n\n<p class=\"has-text-align-left\">Ferien sind die Zeit, in der wir Neues erleben, die Seele baumeln lassen und unvergessliche Momente sammeln. Sonne, Strand, Meer \u2013 oder lieber Berge, St\u00e4dte und Abenteuer? Auf dem TUI Blog findest du Ideen, Inspirationen und spannende Geschichten, die Lust aufs Losziehen machen. Unsere Reisefans, Insider und Ferienprofis berichten aus erster Hand \u00fcber besondere Erlebnisse, Geheimtipps und Trends, die deine Ferien unvergesslich machen.&nbsp;<\/p>\n\n\n\n<p>Hier erwarten dich alles von kreativen Ferienideen \u00fcber praktische Tipps bis zu pers\u00f6nlichen Berichten, die zeigen, wie abwechslungsreich Ferien sein k\u00f6nnen. Teile deine eigenen Lieblingsorte, Erlebnisse oder Fragen mit uns und werde Teil unserer Community. Zusammen entdecken wir die sch\u00f6nsten Seiten der Welt \u2013 und immer wieder Neues, das begeistert.&nbsp;<br><br><strong>Fazit: <\/strong>Pack die Koffer und starte durch \u2013 unvergessliche Ferien voller Erlebnisse warten auf dich!&nbsp;<\/p>\n\n\n\n<p style=\"font-size:15px\">Die Inhalte dieses Blogs wurden sorgf\u00e4ltig recherchiert und zusammengestellt. Sie dienen ausschliesslich der Orientierung, stellen keine vertraglichen Reiseleistungen dar und begr\u00fcnden weder Verpflichtungen noch Garantien. Trotz grosser Sorgfalt k\u00f6nnen sich Fehler oder \u00c4nderungen einschleichen.<\/p>\n\n\n<div class=\"gb-container gb-container-252b33ae\"><div class=\"gb-inside-container\">\n\n<h2 class=\"wp-block-heading has-text-align-center\">Die TUI Blogger und ihre Themen<\/h2>\n\n\nKeine Blogger gefunden!\n\n<\/div><\/div>\n\n<div class=\"gb-container gb-container-dd03966a\"><div class=\"gb-inside-container\">\n\n<h2 class=\"wp-block-heading has-text-align-center\">Ehemalige TUI Blogger und ihre Themen<\/h2>\n\n\nKeine Blogger gefunden!\n\n<\/div><\/div>\n<\/div><\/div>","protected":false},"excerpt":{"rendered":"<p>Der TUI.ch Reiseblog Ferien sind die Zeit, in der wir Neues erleben, die Seele baumeln lassen und unvergessliche Momente sammeln. Sonne, Strand, Meer \u2013 oder lieber Berge, St\u00e4dte und Abenteuer? Auf dem TUI Blog findest du Ideen, Inspirationen und spannende Geschichten, die Lust aufs Losziehen machen. Unsere Reisefans, Insider und<\/p>\n","protected":false},"author":160,"featured_media":488121,"parent":0,"menu_order":0,"comment_status":"closed","ping_status":"closed","template":"","meta":{"_acf_changed":false,"footnotes":""},"class_list":["post-2","page","type-page","status-publish","has-post-thumbnail"],"acf":[],"yoast_head":"<!-- This site is optimized with the Yoast SEO plugin v27.4 - https:\/\/yoast.com\/product\/yoast-seo-wordpress\/ -->\n<title>TUI.ch Reiseblog: Inspiration, Trends und Reisetipps entdecken - TUI.ch Reiseblog<\/title>\n<meta name=\"description\" content=\"Der TUI.ch Reiseblog bietet Inspiration, Trends und pers\u00f6nliche Reisetipps von Autoren, Bloggern und Experten \u2013 f\u00fcr alle, die Urlaub lieben.\" \/>\n<meta name=\"robots\" content=\"index, follow, max-snippet:-1, max-image-preview:large, max-video-preview:-1\" \/>\n<link rel=\"canonical\" href=\"https:\/\/www.tui.ch\/de\/blog\/ueber-den-blog\/\" \/>\n<meta property=\"og:locale\" content=\"de_DE\" \/>\n<meta property=\"og:type\" content=\"article\" \/>\n<meta property=\"og:title\" content=\"TUI.ch Reiseblog: Inspiration, Trends und Reisetipps entdecken - TUI.ch Reiseblog\" \/>\n<meta property=\"og:description\" content=\"Der TUI.ch Reiseblog bietet Inspiration, Trends und pers\u00f6nliche Reisetipps von Autoren, Bloggern und Experten \u2013 f\u00fcr alle, die Urlaub lieben.\" \/>\n<meta property=\"og:url\" content=\"https:\/\/www.tui.ch\/de\/blog\/ueber-den-blog\/\" \/>\n<meta property=\"og:site_name\" content=\"TUI.ch Reiseblog\" \/>\n<meta property=\"article:modified_time\" content=\"2025-10-29T14:09:07+00:00\" \/>\n<meta property=\"og:image\" content=\"https:\/\/www.tui.ch\/de\/blog\/wp-content\/uploads\/2025\/10\/meeresrauschen-kategoriebild.webp\" \/>\n\t<meta property=\"og:image:width\" content=\"2560\" \/>\n\t<meta property=\"og:image:height\" content=\"853\" \/>\n\t<meta property=\"og:image:type\" content=\"image\/webp\" \/>\n<meta name=\"twitter:card\" content=\"summary_large_image\" \/>\n<meta name=\"twitter:label1\" content=\"Gesch\u00e4tzte Lesezeit\" \/>\n\t<meta name=\"twitter:data1\" content=\"2\u00a0Minuten\" \/>\n<script type=\"application\/ld+json\" class=\"yoast-schema-graph\">{\"@context\":\"https:\\\/\\\/schema.org\",\"@graph\":[{\"@type\":\"WebPage\",\"@id\":\"https:\\\/\\\/www.tui.ch\\\/de\\\/blog\\\/ueber-den-blog\\\/\",\"url\":\"https:\\\/\\\/www.tui.ch\\\/de\\\/blog\\\/ueber-den-blog\\\/\",\"name\":\"TUI.ch Reiseblog: Inspiration, Trends und Reisetipps entdecken - TUI.ch Reiseblog\",\"isPartOf\":{\"@id\":\"https:\\\/\\\/www.tui.ch\\\/de\\\/blog\\\/#website\"},\"primaryImageOfPage\":{\"@id\":\"https:\\\/\\\/www.tui.ch\\\/de\\\/blog\\\/ueber-den-blog\\\/#primaryimage\"},\"image\":{\"@id\":\"https:\\\/\\\/www.tui.ch\\\/de\\\/blog\\\/ueber-den-blog\\\/#primaryimage\"},\"thumbnailUrl\":\"https:\\\/\\\/www.tui.ch\\\/de\\\/blog\\\/wp-content\\\/uploads\\\/2025\\\/10\\\/meeresrauschen-kategoriebild.webp\",\"datePublished\":\"2012-07-09T06:17:58+00:00\",\"dateModified\":\"2025-10-29T14:09:07+00:00\",\"description\":\"Der TUI.ch Reiseblog bietet Inspiration, Trends und pers\u00f6nliche Reisetipps von Autoren, Bloggern und Experten \u2013 f\u00fcr alle, die Urlaub lieben.\",\"breadcrumb\":{\"@id\":\"https:\\\/\\\/www.tui.ch\\\/de\\\/blog\\\/ueber-den-blog\\\/#breadcrumb\"},\"inLanguage\":\"de\",\"potentialAction\":[{\"@type\":\"ReadAction\",\"target\":[\"https:\\\/\\\/www.tui.ch\\\/de\\\/blog\\\/ueber-den-blog\\\/\"]}]},{\"@type\":\"ImageObject\",\"inLanguage\":\"de\",\"@id\":\"https:\\\/\\\/www.tui.ch\\\/de\\\/blog\\\/ueber-den-blog\\\/#primaryimage\",\"url\":\"https:\\\/\\\/www.tui.ch\\\/de\\\/blog\\\/wp-content\\\/uploads\\\/2025\\\/10\\\/meeresrauschen-kategoriebild.webp\",\"contentUrl\":\"https:\\\/\\\/www.tui.ch\\\/de\\\/blog\\\/wp-content\\\/uploads\\\/2025\\\/10\\\/meeresrauschen-kategoriebild.webp\",\"width\":2560,\"height\":853},{\"@type\":\"BreadcrumbList\",\"@id\":\"https:\\\/\\\/www.tui.ch\\\/de\\\/blog\\\/ueber-den-blog\\\/#breadcrumb\",\"itemListElement\":[{\"@type\":\"ListItem\",\"position\":1,\"name\":\"Startseite\",\"item\":\"https:\\\/\\\/www.tui.ch\\\/de\\\/blog\\\/\"},{\"@type\":\"ListItem\",\"position\":2,\"name\":\"\u00dcber den Blog\"}]},{\"@type\":\"WebSite\",\"@id\":\"https:\\\/\\\/www.tui.ch\\\/de\\\/blog\\\/#website\",\"url\":\"https:\\\/\\\/www.tui.ch\\\/de\\\/blog\\\/\",\"name\":\"TUI.ch Reiseblog\",\"description\":\"Inspirationen, Tipps und Anregungen f\u00fcr deine Ferien\",\"publisher\":{\"@id\":\"https:\\\/\\\/www.tui.ch\\\/de\\\/blog\\\/#organization\"},\"potentialAction\":[{\"@type\":\"SearchAction\",\"target\":{\"@type\":\"EntryPoint\",\"urlTemplate\":\"https:\\\/\\\/www.tui.ch\\\/de\\\/blog\\\/?s={search_term_string}\"},\"query-input\":{\"@type\":\"PropertyValueSpecification\",\"valueRequired\":true,\"valueName\":\"search_term_string\"}}],\"inLanguage\":\"de\"},{\"@type\":\"Organization\",\"@id\":\"https:\\\/\\\/www.tui.ch\\\/de\\\/blog\\\/#organization\",\"name\":\"TUI.ch Reiseblog\",\"url\":\"https:\\\/\\\/www.tui.ch\\\/de\\\/blog\\\/\",\"logo\":{\"@type\":\"ImageObject\",\"inLanguage\":\"de\",\"@id\":\"https:\\\/\\\/www.tui.ch\\\/de\\\/blog\\\/#\\\/schema\\\/logo\\\/image\\\/\",\"url\":\"https:\\\/\\\/www.tui.ch\\\/de\\\/blog\\\/wp-content\\\/uploads\\\/2025\\\/09\\\/cropped-tui-logo-3.webp\",\"contentUrl\":\"https:\\\/\\\/www.tui.ch\\\/de\\\/blog\\\/wp-content\\\/uploads\\\/2025\\\/09\\\/cropped-tui-logo-3.webp\",\"width\":164,\"height\":72,\"caption\":\"TUI.ch Reiseblog\"},\"image\":{\"@id\":\"https:\\\/\\\/www.tui.ch\\\/de\\\/blog\\\/#\\\/schema\\\/logo\\\/image\\\/\"}}]}<\/script>\n<!-- \/ Yoast SEO plugin. -->","yoast_head_json":{"title":"TUI.ch Reiseblog: Inspiration, Trends und Reisetipps entdecken - TUI.ch Reiseblog","description":"Der TUI.ch Reiseblog bietet Inspiration, Trends und pers\u00f6nliche Reisetipps von Autoren, Bloggern und Experten \u2013 f\u00fcr alle, die Urlaub lieben.","robots":{"index":"index","follow":"follow","max-snippet":"max-snippet:-1","max-image-preview":"max-image-preview:large","max-video-preview":"max-video-preview:-1"},"canonical":"https:\/\/www.tui.ch\/de\/blog\/ueber-den-blog\/","og_locale":"de_DE","og_type":"article","og_title":"TUI.ch Reiseblog: Inspiration, Trends und Reisetipps entdecken - TUI.ch Reiseblog","og_description":"Der TUI.ch Reiseblog bietet Inspiration, Trends und pers\u00f6nliche Reisetipps von Autoren, Bloggern und Experten \u2013 f\u00fcr alle, die Urlaub lieben.","og_url":"https:\/\/www.tui.ch\/de\/blog\/ueber-den-blog\/","og_site_name":"TUI.ch Reiseblog","article_modified_time":"2025-10-29T14:09:07+00:00","og_image":[{"width":2560,"height":853,"url":"https:\/\/www.tui.ch\/de\/blog\/wp-content\/uploads\/2025\/10\/meeresrauschen-kategoriebild.webp","type":"image\/webp"}],"twitter_card":"summary_large_image","twitter_misc":{"Gesch\u00e4tzte Lesezeit":"2\u00a0Minuten"},"schema":{"@context":"https:\/\/schema.org","@graph":[{"@type":"WebPage","@id":"https:\/\/www.tui.ch\/de\/blog\/ueber-den-blog\/","url":"https:\/\/www.tui.ch\/de\/blog\/ueber-den-blog\/","name":"TUI.ch Reiseblog: Inspiration, Trends und Reisetipps entdecken - TUI.ch Reiseblog","isPartOf":{"@id":"https:\/\/www.tui.ch\/de\/blog\/#website"},"primaryImageOfPage":{"@id":"https:\/\/www.tui.ch\/de\/blog\/ueber-den-blog\/#primaryimage"},"image":{"@id":"https:\/\/www.tui.ch\/de\/blog\/ueber-den-blog\/#primaryimage"},"thumbnailUrl":"https:\/\/www.tui.ch\/de\/blog\/wp-content\/uploads\/2025\/10\/meeresrauschen-kategoriebild.webp","datePublished":"2012-07-09T06:17:58+00:00","dateModified":"2025-10-29T14:09:07+00:00","description":"Der TUI.ch Reiseblog bietet Inspiration, Trends und pers\u00f6nliche Reisetipps von Autoren, Bloggern und Experten \u2013 f\u00fcr alle, die Urlaub lieben.","breadcrumb":{"@id":"https:\/\/www.tui.ch\/de\/blog\/ueber-den-blog\/#breadcrumb"},"inLanguage":"de","potentialAction":[{"@type":"ReadAction","target":["https:\/\/www.tui.ch\/de\/blog\/ueber-den-blog\/"]}]},{"@type":"ImageObject","inLanguage":"de","@id":"https:\/\/www.tui.ch\/de\/blog\/ueber-den-blog\/#primaryimage","url":"https:\/\/www.tui.ch\/de\/blog\/wp-content\/uploads\/2025\/10\/meeresrauschen-kategoriebild.webp","contentUrl":"https:\/\/www.tui.ch\/de\/blog\/wp-content\/uploads\/2025\/10\/meeresrauschen-kategoriebild.webp","width":2560,"height":853},{"@type":"BreadcrumbList","@id":"https:\/\/www.tui.ch\/de\/blog\/ueber-den-blog\/#breadcrumb","itemListElement":[{"@type":"ListItem","position":1,"name":"Startseite","item":"https:\/\/www.tui.ch\/de\/blog\/"},{"@type":"ListItem","position":2,"name":"\u00dcber den Blog"}]},{"@type":"WebSite","@id":"https:\/\/www.tui.ch\/de\/blog\/#website","url":"https:\/\/www.tui.ch\/de\/blog\/","name":"TUI.ch Reiseblog","description":"Inspirationen, Tipps und Anregungen f\u00fcr deine Ferien","publisher":{"@id":"https:\/\/www.tui.ch\/de\/blog\/#organization"},"potentialAction":[{"@type":"SearchAction","target":{"@type":"EntryPoint","urlTemplate":"https:\/\/www.tui.ch\/de\/blog\/?s={search_term_string}"},"query-input":{"@type":"PropertyValueSpecification","valueRequired":true,"valueName":"search_term_string"}}],"inLanguage":"de"},{"@type":"Organization","@id":"https:\/\/www.tui.ch\/de\/blog\/#organization","name":"TUI.ch Reiseblog","url":"https:\/\/www.tui.ch\/de\/blog\/","logo":{"@type":"ImageObject","inLanguage":"de","@id":"https:\/\/www.tui.ch\/de\/blog\/#\/schema\/logo\/image\/","url":"https:\/\/www.tui.ch\/de\/blog\/wp-content\/uploads\/2025\/09\/cropped-tui-logo-3.webp","contentUrl":"https:\/\/www.tui.ch\/de\/blog\/wp-content\/uploads\/2025\/09\/cropped-tui-logo-3.webp","width":164,"height":72,"caption":"TUI.ch Reiseblog"},"image":{"@id":"https:\/\/www.tui.ch\/de\/blog\/#\/schema\/logo\/image\/"}}]}},"_links":{"self":[{"href":"https:\/\/www.tui.ch\/de\/blog\/wp-json\/wp\/v2\/pages\/2","targetHints":{"allow":["GET"]}}],"collection":[{"href":"https:\/\/www.tui.ch\/de\/blog\/wp-json\/wp\/v2\/pages"}],"about":[{"href":"https:\/\/www.tui.ch\/de\/blog\/wp-json\/wp\/v2\/types\/page"}],"author":[{"embeddable":true,"href":"https:\/\/www.tui.ch\/de\/blog\/wp-json\/wp\/v2\/users\/160"}],"replies":[{"embeddable":true,"href":"https:\/\/www.tui.ch\/de\/blog\/wp-json\/wp\/v2\/comments?post=2"}],"version-history":[{"count":3,"href":"https:\/\/www.tui.ch\/de\/blog\/wp-json\/wp\/v2\/pages\/2\/revisions"}],"predecessor-version":[{"id":488291,"href":"https:\/\/www.tui.ch\/de\/blog\/wp-json\/wp\/v2\/pages\/2\/revisions\/488291"}],"wp:featuredmedia":[{"embeddable":true,"href":"https:\/\/www.tui.ch\/de\/blog\/wp-json\/wp\/v2\/media\/488121"}],"wp:attachment":[{"href":"https:\/\/www.tui.ch\/de\/blog\/wp-json\/wp\/v2\/media?parent=2"}],"curies":[{"name":"wp","href":"https:\/\/api.w.org\/{rel}","templated":true}]}}